{"id":4771,"date":"2021-01-06T08:11:08","date_gmt":"2021-01-06T08:11:08","guid":{"rendered":"https:\/\/www.megamachinery.com\/?page_id=4771"},"modified":"2022-06-02T08:16:14","modified_gmt":"2022-06-02T08:16:14","slug":"pet-preforms","status":"publish","type":"page","link":"https:\/\/megamachinery.com\/spanish\/pet-preforms\/","title":{"rendered":"Preformas de PET"},"content":{"rendered":"<div class=\"wpb-content-wrapper\"><p>[vc_row][vc_column]<h2 class='heading-left  divider-sm' ><span>Preformas de PET <\/span><\/h2>[vc_empty_space][\/vc_column][\/vc_row][vc_row][vc_column width=&#8221;1\/2&#8243;]<h4 class='heading-left  divider-lg'  style='color: #1e73be'><span>Breve Introducci\u00f3n<\/span><\/h4>[vc_column_text]La empresa MEGA mantiene conceptos de dise\u00f1o avanzados y una excelente tecnolog\u00eda de producci\u00f3n, investiga constantemente el mercado y desarrolla nuevos productos para adaptarse a las diferentes necesidades de los clientes y brindar a los clientes soluciones integrales para la maquinaria requerida para las botellas de PET.[\/vc_column_text]<h4 class='heading-left  divider-lg'  style='color: #1e73be'><span>Caracter\u00edsticas<\/span><\/h4>[vc_column_text]- BPA libre<br \/>\n-Material ecol\u00f3gico<br \/>\n-DEHP (Plastificante) libre<br \/>\n-100% Resina PET Virgen<br \/>\n-Menor costo que la botella de PC<br \/>\n-Alta transparencia\/Alta tenacidad[\/vc_column_text][\/vc_column][vc_column width=&#8221;1\/2&#8243;][vc_single_image image=&#8221;5203&#8243; img_size=&#8221;full&#8221;][\/vc_column][\/vc_row][vc_row][vc_column]<h4 class='heading-left  divider-lg'  style='color: #1e73be'><span>Especificaci\u00f3n<\/span><\/h4><div class='table-responsive'><table class='table table-striped table-bordered'><thead  class='bg-primary'><tr><th>Modelo<\/th><th>Tama\u00f1o de cuello<\/th><th>Peso(g)<\/th><th>Longitud(mm)<\/th><th>Dimensiones(cm)<\/th><th>Cantidad<\/th><\/tr><\/thead><tbody><tr><td>MG-P180<\/td><td>55mm<\/td><td>180<\/td><td>213<\/td><td>58*22*40<\/td><td>76pcs\/box, 100pcs\/bag<\/td><\/tr><tr><td>MG-P210<\/td><td>55mm<\/td><td>210<\/td><td>213<\/td><td>58*22*40<\/td><td>76pcs\/box, 100pcs\/bag<\/td><\/tr><tr><td>MG-P250<\/td><td>55mm<\/td><td>250<\/td><td>230<\/td><td>60*24.5*40<\/td><td>76pcs\/box, 90pcs\/bag<\/td><\/tr><tr><td>MG-P270<\/td><td>55mm<\/td><td>270<\/td><td>268<\/td><td>51*28*40<\/td><td>68pcs\/box, 72pcs\/bag<\/td><\/tr><tr><td>MG-P300<\/td><td>55mm<\/td><td>300<\/td><td>268<\/td><td>51*28*40<\/td><td>68pcs\/box, 72pcs\/bag<\/td><\/tr><tr><td>MG-P320<\/td><td>55mm<\/td><td>320<\/td><td>315<\/td><td>53*32*33<\/td><td>51pcs\/box, 60pcs\/bag<\/td><\/tr><tr><td>MG-P350<\/td><td>55mm<\/td><td>350<\/td><td>315<\/td><td>53*32*33<\/td><td>51pcs\/box, 60pcs\/bag<\/td><\/tr><tr><td>MG-P400<\/td><td>55mm<\/td><td>400<\/td><td>325<\/td><td>54*34*34<\/td><td>51pcs\/box, 50pcs\/bag<\/td><\/tr><tr><td>MG-P450<\/td><td>55mm<\/td><td>450<\/td><td>350<\/td><td>56*26.5*36<\/td><td>43pcs\/box, 50pcs\/bag<\/td><\/tr><tr><td>MG-P480<\/td><td>55mm<\/td><td>480<\/td><td>350<\/td><td>56*26.5*36<\/td><td>43pcs\/box, 50pcs\/bag<\/td><\/tr><tr><td>MG-P580<\/td><td>55mm<\/td><td>580<\/td><td>390<\/td><td>58*22.3*38<\/td><td>34pcs\/box, 30pcs\/bag<\/td><\/tr><tr><td>MG-P650<\/td><td>55mm<\/td><td>650<\/td><td>400<\/td><td>58*41*17.5<\/td><td>26pcs\/box, 30pcs\/bag<\/td><\/tr><tr><td>MG-P680<\/td><td>55mm<\/td><td>680<\/td><td>400<\/td><td>58*42.5*18<\/td><td>26pcs\/box, 30pcs\/bag<\/td><\/tr><tr><td>MG-P700<\/td><td>55mm<\/td><td>700<\/td><td>420<\/td><td>58*42.5*18<\/td><td>26pcs\/box, 30pcs\/bag<\/td><\/tr><tr><td>MG-P730<\/td><td>55mm<\/td><td>730<\/td><td>420<\/td><td>58*42.5*18<\/td><td>26pcs\/box, 30pcs\/bag<\/td><\/tr><tr><td>MG-P750<\/td><td>55mm<\/td><td>750<\/td><td>420<\/td><td>58*43*18<\/td><td>26pcs\/box, 30pcs\/bag<\/td><\/tr><tr><td>MG-P800<\/td><td>55mm<\/td><td>800<\/td><td>420<\/td><td>58*43*18<\/td><td>26pcs\/box, 30pcs\/bag<\/td><\/tr><\/tbody><\/table><\/div>[vc_column_text]The above parameters are subject to change without notice.[\/vc_column_text][\/vc_column][\/vc_row]<\/p>\n<\/div>","protected":false},"excerpt":{"rendered":"<p>[vc_row][vc_column][ &hellip;<\/p>\n","protected":false},"author":2,"featured_media":0,"parent":0,"menu_order":0,"comment_status":"closed","ping_status":"closed","template":"","meta":{"nf_dc_page":"","footnotes":""},"class_list":["post-4771","page","type-page","status-publish","hentry"],"jetpack_sharing_enabled":true,"_links":{"self":[{"href":"https:\/\/megamachinery.com\/spanish\/wp-json\/wp\/v2\/pages\/4771","targetHints":{"allow":["GET"]}}],"collection":[{"href":"https:\/\/megamachinery.com\/spanish\/wp-json\/wp\/v2\/pages"}],"about":[{"href":"https:\/\/megamachinery.com\/spanish\/wp-json\/wp\/v2\/types\/page"}],"author":[{"embeddable":true,"href":"https:\/\/megamachinery.com\/spanish\/wp-json\/wp\/v2\/users\/2"}],"replies":[{"embeddable":true,"href":"https:\/\/megamachinery.com\/spanish\/wp-json\/wp\/v2\/comments?post=4771"}],"version-history":[{"count":5,"href":"https:\/\/megamachinery.com\/spanish\/wp-json\/wp\/v2\/pages\/4771\/revisions"}],"predecessor-version":[{"id":5518,"href":"https:\/\/megamachinery.com\/spanish\/wp-json\/wp\/v2\/pages\/4771\/revisions\/5518"}],"wp:attachment":[{"href":"https:\/\/megamachinery.com\/spanish\/wp-json\/wp\/v2\/media?parent=4771"}],"curies":[{"name":"wp","href":"https:\/\/api.w.org\/{rel}","templated":true}]}}