{"id":4729,"date":"2021-01-02T04:41:20","date_gmt":"2021-01-02T04:41:20","guid":{"rendered":"https:\/\/www.megamachinery.com\/?page_id=4729"},"modified":"2022-04-25T07:01:23","modified_gmt":"2022-04-25T07:01:23","slug":"cap-and-closure-mould","status":"publish","type":"page","link":"https:\/\/megamachinery.com\/spanish\/products\/pet-moulds\/cap-and-closure-mould\/","title":{"rendered":"Molde de Tapa y Cierre"},"content":{"rendered":"<div class=\"wpb-content-wrapper\"><p>[vc_row][vc_column]<h4 class='heading-left  divider-modern' ><span>Molde de Tapas <\/span><\/h4>[vc_column_text]Mega es el proveedor, fabricante y disenador profesional de moldes para tapones. Nuestro departamento de molde de cierre ofrece ofrece un equipo especializado para todo tipo de dise\u00f1os de tapa y fabricaci\u00f3n de diferentes tipos moldes de tapas, tales comolos moldes para las tapas de parachoques, tapas de manipulaciones, tapas abatibles, y\u00a0 tapas de multi-materiales<\/p>\n<p>Actualmente, ofrecemos moldes para tapas de bebidas de hasta 64 cavidades con sistema de canal caliente equilibrado. El sistema de enfriamiento optimizado proporciona un mejor efecto de enfriamiento durante el proceso de inyecci\u00f3n, es la clave para reducir el tiempo del ciclo.[\/vc_column_text][\/vc_column][\/vc_row][vc_row][vc_column]<h5 class='heading-left  divider-sm' ><span>El Molde de Tapa &amp; Cierre Producido por MEGA<\/span><\/h5>[\/vc_column][\/vc_row][vc_row][vc_column width=&#8221;1\/3&#8243;][vc_single_image image=&#8221;5285&#8243; img_size=&#8221;full&#8221; style=&#8221;vc_box_outline&#8221; onclick=&#8221;custom_link&#8221; link=&#8221;https:\/\/www.megamachinery.com\/portfolio\/8-cavity-edible-oil-closure-mould\/&#8221;]<h5 class='heading-left  divider-sm' ><span>Molde de tapa de 8 cavidades para aceite Comestible <\/span><\/h5>[vc_column_text]El molde de tapa de aceite Comestible de 8 cavidades se dise\u00f1a para los recipientes de aceite comestible. El molde tiene un sistema de canal caliente equilibrado con boquilla de punta caliente. [M\u00e1s][\/vc_column_text][\/vc_column][vc_column width=&#8221;1\/3&#8243;][vc_single_image image=&#8221;5282&#8243; img_size=&#8221;full&#8221; style=&#8221;vc_box_outline&#8221; onclick=&#8221;custom_link&#8221; link=&#8221;https:\/\/www.megamachinery.com\/portfolio\/8-cavity-cap-mold-for-water-neck\/&#8221;]<h5 class='heading-left  divider-sm' ><span>Molde de tapa de 8 cavidades para cuello de agua<\/span><\/h5>[vc_column_text]El Molde de Cierre de 8 Cavidades para el 30\/25 se dise\u00f1a para las botellas de agua. El molde tiene un canal caliente equilibrado [M\u00e1s][\/vc_column_text][\/vc_column][vc_column width=&#8221;1\/3&#8243;][vc_single_image image=&#8221;5288&#8243; img_size=&#8221;full&#8221; style=&#8221;vc_box_outline&#8221; onclick=&#8221;custom_link&#8221; link=&#8221;https:\/\/www.megamachinery.com\/portfolio\/12-cavity-cap-mould\/&#8221;]<h5 class='heading-left  divider-sm' ><span>Molde de tapa de 12 cavidades<\/span><\/h5>[vc_column_text]El Molde de Tapa de 12 cavidades para el 30\/25 se\u00a0 dise\u00f1a para las botellas de agua. El molde tiene un sistema de canal caliente equilibrado con boquilla de punta caliente. [M\u00e1s][\/vc_column_text][\/vc_column][\/vc_row][vc_row][vc_column width=&#8221;1\/3&#8243;][vc_single_image image=&#8221;5289&#8243; img_size=&#8221;full&#8221; style=&#8221;vc_box_outline&#8221; onclick=&#8221;custom_link&#8221; link=&#8221;https:\/\/www.megamachinery.com\/portfolio\/16-cavity-cool-runner-cap-mould\/&#8221;]<h5 class='heading-left  divider-sm' ><span>Molde de Tapa de 16 Cavidades con Colada Fr\u00eda<\/span><\/h5>[vc_column_text]El Molde de Tapa de 16 cavidades con Colada fr\u00edase dise\u00f1a para el contenedor de gelatina. El molde tiene un canal fr\u00edo equilibrado. [M\u00e1s][\/vc_column_text][\/vc_column][vc_column width=&#8221;1\/3&#8243;][vc_single_image image=&#8221;5292&#8243; img_size=&#8221;full&#8221; style=&#8221;vc_box_outline&#8221; onclick=&#8221;custom_link&#8221; link=&#8221;https:\/\/www.megamachinery.com\/portfolio\/24-cavity-cap-mould\/&#8221;]<h5 class='heading-left  divider-sm' ><span>Molde de Tapa de 24 Cavidades<\/span><\/h5>[vc_column_text]El Molde de Tapa de\u00a0 24 Cavidades para el 30\/25 se\u00a0 dise\u00f1a para las botellas de agua. El molde tiene un sistema de canal caliente equilibrado con boquilla de punta caliente. [M\u00e1s][\/vc_column_text][\/vc_column][vc_column width=&#8221;1\/3&#8243;][vc_single_image image=&#8221;5294&#8243; img_size=&#8221;full&#8221; style=&#8221;vc_box_outline&#8221; onclick=&#8221;custom_link&#8221; link=&#8221;https:\/\/www.megamachinery.com\/portfolio\/32-cavity-cap-mould\/&#8221;]<h5 class='heading-left  divider-sm' ><span>Molde de Tapa de 32 Cavidades<\/span><\/h5>[vc_column_text]El Molde de Tapa de\u00a0 32 Cavidades para el 30\/25 se\u00a0 dise\u00f1a para las botellas de agua. El molde tiene un sistema de canal caliente equilibrado con boquilla de punta caliente. [M\u00e1s][\/vc_column_text][\/vc_column][\/vc_row]<\/p>\n<\/div>","protected":false},"excerpt":{"rendered":"<p>[vc_row][vc_column][ &hellip;<\/p>\n","protected":false},"author":2,"featured_media":0,"parent":2644,"menu_order":0,"comment_status":"closed","ping_status":"closed","template":"","meta":{"nf_dc_page":"","footnotes":""},"class_list":["post-4729","page","type-page","status-publish","hentry"],"jetpack_sharing_enabled":true,"_links":{"self":[{"href":"https:\/\/megamachinery.com\/spanish\/wp-json\/wp\/v2\/pages\/4729","targetHints":{"allow":["GET"]}}],"collection":[{"href":"https:\/\/megamachinery.com\/spanish\/wp-json\/wp\/v2\/pages"}],"about":[{"href":"https:\/\/megamachinery.com\/spanish\/wp-json\/wp\/v2\/types\/page"}],"author":[{"embeddable":true,"href":"https:\/\/megamachinery.com\/spanish\/wp-json\/wp\/v2\/users\/2"}],"replies":[{"embeddable":true,"href":"https:\/\/megamachinery.com\/spanish\/wp-json\/wp\/v2\/comments?post=4729"}],"version-history":[{"count":4,"href":"https:\/\/megamachinery.com\/spanish\/wp-json\/wp\/v2\/pages\/4729\/revisions"}],"predecessor-version":[{"id":5447,"href":"https:\/\/megamachinery.com\/spanish\/wp-json\/wp\/v2\/pages\/4729\/revisions\/5447"}],"up":[{"embeddable":true,"href":"https:\/\/megamachinery.com\/spanish\/wp-json\/wp\/v2\/pages\/2644"}],"wp:attachment":[{"href":"https:\/\/megamachinery.com\/spanish\/wp-json\/wp\/v2\/media?parent=4729"}],"curies":[{"name":"wp","href":"https:\/\/api.w.org\/{rel}","templated":true}]}}