{"id":4725,"date":"2021-01-02T04:15:25","date_gmt":"2021-01-02T04:15:25","guid":{"rendered":"https:\/\/www.megamachinery.com\/?page_id=4725"},"modified":"2022-04-25T06:57:53","modified_gmt":"2022-04-25T06:57:53","slug":"5-gallon-preform-moulds","status":"publish","type":"page","link":"https:\/\/megamachinery.com\/spanish\/products\/pet-moulds\/5-gallon-preform-moulds\/","title":{"rendered":"Moldes de Preforma de 5 Galones"},"content":{"rendered":"<div class=\"wpb-content-wrapper\"><p>[vc_row][vc_column]<h4 class='heading-left  divider-modern' ><span>MOLDE DE PREFORMA DE 5 GALONES (MOLDE DE PREFORMA DE PARED GRUESA)<\/span><\/h4>[vc_column_text]Los moldes de preformas de 5 galones, tambi\u00e9n llamados moldes de preformas de pared gruesa, se dise\u00f1an principalmente para el dispensador de agua y el enfriador de agua. Hoy en d\u00eda, los\u00a0 bitones de PET de 5 galones son cada vez m\u00e1s populares en comparaci\u00f3n con los bitones de PC debido a la menor inversi\u00f3n, ricas en color y libres de BFA. l\u00ednea de soldadura de las preformas durante el proceso de inyecci\u00f3n. Las placas roscadas se deslizan por el sistema de rodillos de leva, lo que ayuda al operador a ahorrar tiempo en el mantenimiento. Si agrega el sistema de enfriamiento posterior del robot con nuestro sistema de moldeo de preformas de pared gruesa, el tiempo del ciclo se puede reducir significativamente.[\/vc_column_text][\/vc_column][\/vc_row][vc_row][vc_column]<h5 class='heading-left  divider-sm' ><span>Los Moldes de Preformas de 5 Galones Producidos por MEGA<\/span><\/h5>[\/vc_column][\/vc_row][vc_row][vc_column width=&#8221;1\/3&#8243;][vc_single_image image=&#8221;5273&#8243; img_size=&#8221;full&#8221; style=&#8221;vc_box_outline&#8221; onclick=&#8221;custom_link&#8221; link=&#8221;https:\/\/www.megamachinery.com\/portfolio\/4-cavity-thick-wall-preform-mould\/&#8221;]<h5 class='heading-left  divider-sm' ><span>Molde de Preforma de Pared Gruesa de 4 Cavidades<\/span><\/h5>[vc_column_text]Molde de preforma de pared gruesa de 4 cavidades o molde de preforma de 5 galones se dise\u00f1a principalmente para el dispensador de agua, [M\u00e1s][\/vc_column_text][\/vc_column][vc_column width=&#8221;1\/3&#8243;][vc_single_image image=&#8221;5271&#8243; img_size=&#8221;full&#8221; style=&#8221;vc_box_outline&#8221; onclick=&#8221;custom_link&#8221; link=&#8221;https:\/\/www.megamachinery.com\/portfolio\/5-gallon-preform-mould-for-one-way-using-5-gallon-pet-botte\/&#8221;]<h5 class='heading-left  divider-sm' ><span>Molde de preforma de 5 galones para una sola v\u00eda usando el biton de PET de 5 galones<\/span><\/h5>[vc_column_text]Molde de preforma de 5 galones de 6 cavidades o molde de preforma de pared gruesa se dise\u00f1a principalmente para el dispensador de agua o enfriador de agua, [M\u00e1s][\/vc_column_text][\/vc_column][vc_column width=&#8221;1\/3&#8243;][vc_single_image image=&#8221;5269&#8243; img_size=&#8221;full&#8221; style=&#8221;vc_box_outline&#8221; onclick=&#8221;custom_link&#8221; link=&#8221;https:\/\/www.megamachinery.com\/portfolio\/4-cavity-5-gallon-preform-mould-for-returnable-5-gallon-pet-bottles\/&#8221;]<h5 class='heading-left  divider-sm' ><span>Molde de preforma de 5 galones para una sola v\u00eda usando el biton de PET de 5 galones<\/span><\/h5>[vc_column_text]Molde de preforma de 4 cavidades de 5 galones o molde de preforma de pared gruesa se dise\u00f1a principalmente para el dispensador de agua o enfriador de agua, [M\u00e1s][\/vc_column_text][\/vc_column][\/vc_row]<\/p>\n<\/div>","protected":false},"excerpt":{"rendered":"<p>[vc_row][vc_column][ &hellip;<\/p>\n","protected":false},"author":2,"featured_media":0,"parent":2644,"menu_order":0,"comment_status":"closed","ping_status":"closed","template":"","meta":{"nf_dc_page":"","footnotes":""},"class_list":["post-4725","page","type-page","status-publish","hentry"],"jetpack_sharing_enabled":true,"_links":{"self":[{"href":"https:\/\/megamachinery.com\/spanish\/wp-json\/wp\/v2\/pages\/4725","targetHints":{"allow":["GET"]}}],"collection":[{"href":"https:\/\/megamachinery.com\/spanish\/wp-json\/wp\/v2\/pages"}],"about":[{"href":"https:\/\/megamachinery.com\/spanish\/wp-json\/wp\/v2\/types\/page"}],"author":[{"embeddable":true,"href":"https:\/\/megamachinery.com\/spanish\/wp-json\/wp\/v2\/users\/2"}],"replies":[{"embeddable":true,"href":"https:\/\/megamachinery.com\/spanish\/wp-json\/wp\/v2\/comments?post=4725"}],"version-history":[{"count":5,"href":"https:\/\/megamachinery.com\/spanish\/wp-json\/wp\/v2\/pages\/4725\/revisions"}],"predecessor-version":[{"id":5446,"href":"https:\/\/megamachinery.com\/spanish\/wp-json\/wp\/v2\/pages\/4725\/revisions\/5446"}],"up":[{"embeddable":true,"href":"https:\/\/megamachinery.com\/spanish\/wp-json\/wp\/v2\/pages\/2644"}],"wp:attachment":[{"href":"https:\/\/megamachinery.com\/spanish\/wp-json\/wp\/v2\/media?parent=4725"}],"curies":[{"name":"wp","href":"https:\/\/api.w.org\/{rel}","templated":true}]}}