{"id":4722,"date":"2021-01-02T03:46:37","date_gmt":"2021-01-02T03:46:37","guid":{"rendered":"https:\/\/www.megamachinery.com\/?page_id=4722"},"modified":"2022-04-25T06:28:38","modified_gmt":"2022-04-25T06:28:38","slug":"wide-mouth-preform-moulds","status":"publish","type":"page","link":"https:\/\/megamachinery.com\/spanish\/products\/pet-moulds\/wide-mouth-preform-moulds\/","title":{"rendered":"Molde de  Preformas  de  Gran Boca"},"content":{"rendered":"<div class=\"wpb-content-wrapper\"><p>[vc_row][vc_column]<h4 class='heading-left  divider-modern' ><span>MOLDE DE PREFORMAS DE GRAN BOCA<\/span><\/h4>[vc_column_text]Molde de preforma de gran boca tambi\u00e9n se llama molde de preforma de tarro. Las preformas de tarro o preformas de gran boca se\u00a0 dise\u00f1an principalmente parael empaque de dulces y nueces. Mega lleva muchos a\u00f1os dise\u00f1ando y fabricando esos moldes de preforma y ofrece tanto un sistema de compuerta de v\u00e1lvula como un sistema de protuberancia de canal s\u00faper peque\u00f1o para las diferentes aplicaciones de preforma de gran boca.[\/vc_column_text][\/vc_column][\/vc_row][vc_row][vc_column]<h5 class='heading-left  divider-sm' ><span>Los Moldes de Preforma de Gran Boca Producidos por MEGA<\/span><\/h5>[\/vc_column][\/vc_row][vc_row][vc_column width=&#8221;1\/3&#8243;][vc_single_image image=&#8221;5277&#8243; img_size=&#8221;full&#8221; style=&#8221;vc_box_outline&#8221; onclick=&#8221;custom_link&#8221; link=&#8221;https:\/\/www.megamachinery.com\/portfolio\/6-cavity-wide-mouth-preform-mould-for-80mm-neck-finish\/&#8221;]<h5 class='heading-left  divider-sm' ><span>Molde de Preforma de Gran Boca de 6 Cavidadespara acabado de cuello de 80 mm<\/span><\/h5>[vc_column_text]Molde de preforma de gran boca\u00a0 de 6 cavidades para la preforma de tarro con cuello de 80mm, se dise\u00f1a principalmente para el embalaje de dulces y nueces, [M\u00e1s ][\/vc_column_text][\/vc_column][vc_column width=&#8221;1\/3&#8243;][vc_single_image image=&#8221;5279&#8243; img_size=&#8221;full&#8221; style=&#8221;vc_box_outline&#8221; onclick=&#8221;custom_link&#8221; link=&#8221;https:\/\/www.megamachinery.com\/portfolio\/6-cavity-wide-mouth-preform-mould-for-63mm-neck-finish\/&#8221;]<h5 class='heading-left  divider-sm' ><span>Molde de Preforma de Gran Boca de 6 Cavidadespara acabado de cuello de 63 mm<\/span><\/h5>[vc_column_text]Molde de preforma de gran boca\u00a0 de 6 cavidades para la preforma de tarro con cuello de 63 mm, se dise\u00f1a principalmente para el embalaje de dulces y nueces, [M\u00e1s ][\/vc_column_text][\/vc_column][vc_column width=&#8221;1\/3&#8243;][vc_single_image image=&#8221;5281&#8243; img_size=&#8221;full&#8221; style=&#8221;vc_box_outline&#8221; onclick=&#8221;custom_link&#8221; link=&#8221;https:\/\/www.megamachinery.com\/portfolio\/8-cavity-wide-mouth-preform-mould-for-110-mm-neck-finish\/&#8221;]<h5 class='heading-left  divider-sm' ><span>Molde de Preforma de Gran Boca de 8 Cavidadespara acabado de cuello de 110 mm<\/span><\/h5>[vc_column_text]Molde de preforma de gran boca\u00a0 de 8 cavidades para la preforma de tarro con cuello de 110 mm, se dise\u00f1a\u00a0 principalmente para el embalaje de dulces y nueces, [M\u00e1s ][\/vc_column_text][\/vc_column][\/vc_row]<\/p>\n<\/div>","protected":false},"excerpt":{"rendered":"<p>[vc_row][vc_column][ &hellip;<\/p>\n","protected":false},"author":2,"featured_media":0,"parent":2644,"menu_order":0,"comment_status":"closed","ping_status":"closed","template":"","meta":{"nf_dc_page":"","footnotes":""},"class_list":["post-4722","page","type-page","status-publish","hentry"],"jetpack_sharing_enabled":true,"_links":{"self":[{"href":"https:\/\/megamachinery.com\/spanish\/wp-json\/wp\/v2\/pages\/4722","targetHints":{"allow":["GET"]}}],"collection":[{"href":"https:\/\/megamachinery.com\/spanish\/wp-json\/wp\/v2\/pages"}],"about":[{"href":"https:\/\/megamachinery.com\/spanish\/wp-json\/wp\/v2\/types\/page"}],"author":[{"embeddable":true,"href":"https:\/\/megamachinery.com\/spanish\/wp-json\/wp\/v2\/users\/2"}],"replies":[{"embeddable":true,"href":"https:\/\/megamachinery.com\/spanish\/wp-json\/wp\/v2\/comments?post=4722"}],"version-history":[{"count":4,"href":"https:\/\/megamachinery.com\/spanish\/wp-json\/wp\/v2\/pages\/4722\/revisions"}],"predecessor-version":[{"id":5445,"href":"https:\/\/megamachinery.com\/spanish\/wp-json\/wp\/v2\/pages\/4722\/revisions\/5445"}],"up":[{"embeddable":true,"href":"https:\/\/megamachinery.com\/spanish\/wp-json\/wp\/v2\/pages\/2644"}],"wp:attachment":[{"href":"https:\/\/megamachinery.com\/spanish\/wp-json\/wp\/v2\/media?parent=4722"}],"curies":[{"name":"wp","href":"https:\/\/api.w.org\/{rel}","templated":true}]}}