{"id":4717,"date":"2021-01-02T02:47:01","date_gmt":"2021-01-02T02:47:01","guid":{"rendered":"https:\/\/www.megamachinery.com\/?page_id=4717"},"modified":"2022-04-25T08:31:49","modified_gmt":"2022-04-25T08:31:49","slug":"pet-preform-moulds","status":"publish","type":"page","link":"https:\/\/megamachinery.com\/spanish\/products\/pet-moulds\/pet-preform-moulds\/","title":{"rendered":"Moldes de Preformas de PET"},"content":{"rendered":"<div class=\"wpb-content-wrapper\"><p>[vc_row][vc_column]<h4 class='heading-left  divider-modern' ><span>Moldes de Preformas de PET<\/span><\/h4>[vc_column_text]Mega Machinery le ofrece una serie de moldes de inyecci\u00f3n de pl\u00e1stico para\u00a0 \u00a0realizar la concepci\u00f3n de su dise\u00f1o de productos de pl\u00e1stico, tales como moldes para preformas, tapas, botellas de pl\u00e1stico.<\/p>\n<p>Los moldes de preformas de Mega se\u00a0 equipan con un sistema de v\u00e1lvula de compuerta avanzada y un dise\u00f1o de canal caliente balanceado.\u00a0 \u00a0El ciclo del molde de preforma de 20 gs puede\u00a0 alcanzar a los 12 segundos cuando se trabaja en un sistema de inyecci\u00f3n de dos etapas y con un sistema rob\u00f3tico de enfriamiento posterior de 2 etapas .[\/vc_column_text][\/vc_column][\/vc_row][vc_row][vc_column width=&#8221;1\/3&#8243;][vc_single_image image=&#8221;5244&#8243; img_size=&#8221;full&#8221; style=&#8221;vc_box_outline&#8221; onclick=&#8221;custom_link&#8221; link=&#8221;https:\/\/www.megamachinery.com\/portfolio\/8-cavity-preform-mould-for-pco-1810-neck-finish\/&#8221;]<h5 class='heading-left  divider-sm' ><span>Molde de Preforma de 8 Cavidades para el Cuello PCO 1810<\/span><\/h5>[vc_column_text]Molde de preforma de 8 cavidades para la preforma con cuello PCO1810, se\u00a0 dise\u00f1a para las bebidas CSD, [M\u00e1s][\/vc_column_text][\/vc_column][vc_column width=&#8221;1\/3&#8243;][vc_single_image image=&#8221;5247&#8243; img_size=&#8221;full&#8221; style=&#8221;vc_box_outline&#8221; onclick=&#8221;custom_link&#8221; link=&#8221;https:\/\/www.megamachinery.com\/portfolio\/12-cavity-preform-mould-for-30-25-neck-finish\/&#8221;]<h5 class='heading-left  divider-sm' ><span>Molde de Preforma de 12 Cavidades para el Cuello 30\/25<\/span><\/h5>[vc_column_text]Molde de preforma de 12 cavidades para la preforma con cuello 30\/25, se dise\u00f1a para las bebidas de agua, [M\u00e1s][\/vc_column_text][\/vc_column][vc_column width=&#8221;1\/3&#8243;][vc_single_image image=&#8221;5249&#8243; img_size=&#8221;full&#8221; style=&#8221;vc_box_outline&#8221; onclick=&#8221;custom_link&#8221; link=&#8221;https:\/\/www.megamachinery.com\/portfolio\/16-cavity-preform-mould-for-pco-1810-neck-finish\/&#8221;]<h5 class='heading-left  divider-sm' ><span>Molde de Preforma de 16 Cavidades para el Cuello PCO 1810<\/span><\/h5>[vc_column_text]Molde de preforma de 16 cavidades para la preforma con cuello PCO1810, se\u00a0 dise\u00f1a para las bebidas CSD, [M\u00e1s][\/vc_column_text][\/vc_column][\/vc_row][vc_row][vc_column width=&#8221;1\/3&#8243;][vc_single_image image=&#8221;5251&#8243; img_size=&#8221;full&#8221; style=&#8221;vc_box_outline&#8221; onclick=&#8221;custom_link&#8221; link=&#8221;https:\/\/www.megamachinery.com\/portfolio\/20-cavity-preform-mould-for-42mm-neck-finish\/&#8221;]<h5 class='heading-left  divider-sm' ><span>Molde de Preforma de 20 Cavidades para el Cuello 42mm <\/span><\/h5>[vc_column_text]Molde de preforma de 20 cavidades para la preforma con cuello de 42 mm, se dise\u00f1a para las botellas de 5L, [M\u00e1s][\/vc_column_text][\/vc_column][vc_column width=&#8221;1\/3&#8243;][vc_single_image image=&#8221;5253&#8243; img_size=&#8221;full&#8221; style=&#8221;vc_box_outline&#8221; onclick=&#8221;custom_link&#8221; link=&#8221;https:\/\/www.megamachinery.com\/portfolio\/24-cavity-preform-mould-for-pco-1881-neck-finish\/&#8221;]<h5 class='heading-left  divider-sm' ><span>Molde de Preforma de 24 Cavidades para el Cuello PCO 1810<\/span><\/h5>[vc_column_text]Molde de preforma de 24 cavidades para la preforma con cuello PCO1810, se\u00a0 dise\u00f1a para las bebidas CSD, [M\u00e1s][\/vc_column_text][\/vc_column][vc_column width=&#8221;1\/3&#8243;][vc_single_image image=&#8221;5255&#8243; img_size=&#8221;full&#8221; style=&#8221;vc_box_outline&#8221; onclick=&#8221;custom_link&#8221; link=&#8221;https:\/\/www.megamachinery.com\/portfolio\/32-cavity-preform-mould-for-pco-1810-neck-finish\/&#8221;]<h5 class='heading-left  divider-sm' ><span>Molde de Preforma de 32 Cavidades para el Cuello PCO 1810<\/span><\/h5>[vc_column_text]Molde de preforma de 32 cavidades para la preforma con cuello PCO1810, se\u00a0 dise\u00f1a para las bebidas CSD, [M\u00e1s][\/vc_column_text][\/vc_column][\/vc_row][vc_row][vc_column width=&#8221;1\/3&#8243;][vc_single_image image=&#8221;5256&#8243; img_size=&#8221;full&#8221; style=&#8221;vc_box_outline&#8221; onclick=&#8221;custom_link&#8221; link=&#8221;https:\/\/www.megamachinery.com\/portfolio\/32-cavity-preform-mould-for-30-25-neck-finish\/&#8221;]<h5 class='heading-left  divider-sm' ><span>Molde de Preforma de 32 Cavidades para el Cuello 30\/25<\/span><\/h5>[vc_column_text]Molde de preforma de 32 cavidades para la preforma con cuello 30\/25, se dise\u00f1a para las bebidas de agua, [M\u00e1s][\/vc_column_text][\/vc_column][vc_column width=&#8221;1\/3&#8243;][vc_single_image image=&#8221;5258&#8243; img_size=&#8221;full&#8221; style=&#8221;vc_box_outline&#8221; onclick=&#8221;custom_link&#8221; link=&#8221;https:\/\/www.megamachinery.com\/portfolio\/32-cavity-preform-mould-for-38mm-neck-finish\/&#8221;]<h5 class='heading-left  divider-sm' ><span>Molde de Preforma de 32 Cavidades para el Cuello 38mm<\/span><\/h5>[vc_column_text]Molde de preforma de 32 cavidades para la preforma con cuello de 38 mm, el molde tiene un sistema de canal caliente balanceado, [M\u00e1s][\/vc_column_text][\/vc_column][vc_column width=&#8221;1\/3&#8243;][vc_single_image image=&#8221;5263&#8243; img_size=&#8221;full&#8221; style=&#8221;vc_box_outline&#8221; onclick=&#8221;custom_link&#8221; link=&#8221;https:\/\/www.megamachinery.com\/portfolio\/48-cavity-preform-mould-for-pco1810-neck\/&#8221;]<h5 class='heading-left  divider-sm' ><span>Molde de Preforma de 48 Cavidades para el Cuello PCO 1810<\/span><\/h5>[vc_column_text]Molde de preforma de 48 cavidades para la preforma con cuello PCO1810, se\u00a0 dise\u00f1a para las bebidas CSD, [M\u00e1s][\/vc_column_text][\/vc_column][\/vc_row][vc_row][vc_column width=&#8221;1\/3&#8243;][vc_single_image image=&#8221;5264&#8243; img_size=&#8221;full&#8221; style=&#8221;vc_box_outline&#8221; onclick=&#8221;custom_link&#8221; link=&#8221;https:\/\/www.megamachinery.com\/portfolio\/48-cavity-preform-mould-for-30-25-neck-finish\/&#8221;]<h5 class='heading-left  divider-sm' ><span>Molde de Preforma de 48 Cavidades para el Cuello 30\/25<\/span><\/h5>[vc_column_text]Molde de preforma de 48 cavidades para la preforma con cuello 30\/25, se dise\u00f1a para las bebidas de agua, [M\u00e1s][\/vc_column_text][\/vc_column][vc_column width=&#8221;1\/3&#8243;][vc_single_image image=&#8221;5267&#8243; img_size=&#8221;full&#8221; style=&#8221;vc_box_outline&#8221; onclick=&#8221;custom_link&#8221; link=&#8221;https:\/\/www.megamachinery.com\/portfolio\/72-cavity-preform-mould-for-30-25-neck-finish\/&#8221;]<h5 class='heading-left  divider-sm' ><span>Molde de Preforma de 72 Cavidades para el Cuello 30\/25<\/span><\/h5>[vc_column_text]Molde de preforma de 72 cavidades para la preforma con cuello 30\/25, se dise\u00f1a para las bebidas de agua, [M\u00e1s][\/vc_column_text][\/vc_column][vc_column width=&#8221;1\/3&#8243;][vc_single_image image=&#8221;5297&#8243; img_size=&#8221;full&#8221; style=&#8221;vc_box_outline&#8221; onclick=&#8221;custom_link&#8221; link=&#8221;https:\/\/www.megamachinery.com\/portfolio\/72-cavity-preform-mould-for-pco-1810-neck-finish\/&#8221;]<h5 class='heading-left  divider-sm' ><span>Molde de Preforma de 72 Cavidades para el Cuello PCO 1810<\/span><\/h5>[vc_column_text]Molde de preforma de 72 cavidades para la preforma con cuello PCO1810, se\u00a0 dise\u00f1a para las bebidas CSD, [M\u00e1s][\/vc_column_text][\/vc_column][\/vc_row][vc_row][vc_column][vc_icon icon_fontawesome=&#8221;fas fa-arrow-circle-up&#8221; color=&#8221;black&#8221; align=&#8221;center&#8221;][\/vc_column][\/vc_row]<\/p>\n<\/div>","protected":false},"excerpt":{"rendered":"<p>[vc_row][vc_column][ &hellip;<\/p>\n","protected":false},"author":2,"featured_media":0,"parent":2644,"menu_order":0,"comment_status":"closed","ping_status":"closed","template":"","meta":{"nf_dc_page":"","footnotes":""},"class_list":["post-4717","page","type-page","status-publish","hentry"],"jetpack_sharing_enabled":true,"_links":{"self":[{"href":"https:\/\/megamachinery.com\/spanish\/wp-json\/wp\/v2\/pages\/4717","targetHints":{"allow":["GET"]}}],"collection":[{"href":"https:\/\/megamachinery.com\/spanish\/wp-json\/wp\/v2\/pages"}],"about":[{"href":"https:\/\/megamachinery.com\/spanish\/wp-json\/wp\/v2\/types\/page"}],"author":[{"embeddable":true,"href":"https:\/\/megamachinery.com\/spanish\/wp-json\/wp\/v2\/users\/2"}],"replies":[{"embeddable":true,"href":"https:\/\/megamachinery.com\/spanish\/wp-json\/wp\/v2\/comments?post=4717"}],"version-history":[{"count":4,"href":"https:\/\/megamachinery.com\/spanish\/wp-json\/wp\/v2\/pages\/4717\/revisions"}],"predecessor-version":[{"id":5456,"href":"https:\/\/megamachinery.com\/spanish\/wp-json\/wp\/v2\/pages\/4717\/revisions\/5456"}],"up":[{"embeddable":true,"href":"https:\/\/megamachinery.com\/spanish\/wp-json\/wp\/v2\/pages\/2644"}],"wp:attachment":[{"href":"https:\/\/megamachinery.com\/spanish\/wp-json\/wp\/v2\/media?parent=4717"}],"curies":[{"name":"wp","href":"https:\/\/api.w.org\/{rel}","templated":true}]}}