{"id":2704,"date":"2020-07-18T02:06:49","date_gmt":"2020-07-18T02:06:49","guid":{"rendered":"https:\/\/mega1969.com\/?page_id=2704"},"modified":"2022-05-27T15:27:18","modified_gmt":"2022-05-27T15:27:18","slug":"pet-bottles-with-the-handle","status":"publish","type":"page","link":"https:\/\/megamachinery.com\/spanish\/solution\/pet-bottles-with-the-handle\/","title":{"rendered":"Botellas de PET con Mango"},"content":{"rendered":"<div class=\"wpb-content-wrapper\"><p>[vc_row][vc_column]<h2 class='heading-left  divider-sm' ><span> Botellas de PET con Mango<\/span><\/h2>[vc_empty_space][\/vc_column][\/vc_row][vc_row][vc_column width=&#8221;1\/2&#8243;]<h4 class='heading-left  divider-modern'  style='color: #1e73be'><span>\u2192 Introduci\u00f3n Sencilla<\/span><\/h4>[vc_column_text]Las botellas de PET con mango est\u00e1n\u00a0 cada vez m\u00e1s populares en las bebidas y los envases de\u00a0 la cocina. Mega ofrece diferentes soluciones para las botellas de PET con mango, el rango de las botellas de PET es de 0,1 L hasta 20L. El punto especialmente dise\u00f1ado de refrigeraci\u00f3n de aire y los moldes para soplar con mangos insertados se aplican para soplar las botellas con mango, tambi\u00e9n la m\u00e1quina para inserter los mangos est\u00e1 disponible a m\u00e1s necesidades.[\/vc_column_text]<div class='table-responsive'><table class='table table-striped table-bordered'><thead  class='bg-primary'><tr><th>Applications<\/th><\/tr><\/thead><tbody><tr><td>Edible oil, pharmacy, agrochemicals<\/td><\/tr><tr><td>Advantages<\/td><\/tr><tr><td>Less weight comparing the extrusion blow molded bottles<\/td><\/tr><tr><td>Transparence bottles<\/td><\/tr><\/tbody><\/table><\/div>[\/vc_column][vc_column width=&#8221;1\/2&#8243;][vc_single_image image=&#8221;5310&#8243; img_size=&#8221;full&#8221;][\/vc_column][\/vc_row][vc_row][vc_column][vc_column_text]Mega Maquinaria , un profesional proveedor de equipos de moldeos por soplado en China.[\/vc_column_text][\/vc_column][\/vc_row][vc_row][vc_column]<h4 class='heading-left  style-1'  style='color: #1e73be'><span>\u2192 M\u00e1quinas relacionadas de moldeo por soplado:<\/span><\/h4>[vc_column_text]Por el m\u00e9todo de inserci\u00f3n de mango de poste<br \/>\n<span class=\"hui\"><a href=\"https:\/\/www.megamachinery.com\/portfolio\/ss-series-automatic-blow-molding-machines\/\">&#8211; MG-SS Stretch blow molding machine<\/a><\/span><br \/>\n<span class=\"hui\"><a href=\"https:\/\/www.megamachinery.com\/portfolio\/economical-blow-moulding-machines\/\">&#8211; MG-E Stretch blow molding machine<\/a><\/span><br \/>\n<span class=\"hui\"><a href=\"https:\/\/www.megamachinery.com\/portfolio\/rotary-blow-moulding-machines\/\">&#8211; RB Rotary Stretch blow molding machine<\/a><\/span><br \/>\n<span class=\"hui\"><a href=\"https:\/\/www.megamachinery.com\/portfolio\/electric-stretch-blow-moulding-machines\/\">&#8211; EB Electric Stretch blow molding machine<\/a><\/span><br \/>\n<span class=\"hui\"><a href=\"https:\/\/www.megamachinery.com\/products\/semi-automatic-blow-moulding-machines\/\">&#8211; Semi-automatic blow moulding machines<\/a><\/span><br \/>\n<span class=\"hui\"><a href=\"https:\/\/www.megamachinery.com\/portfolio\/mg-sa-blow-moulding-machines\/\">&#8211; SA series blow moulding machines<\/a><\/span><br \/>\nPor el m\u00e9todo del molde interior<br \/>\n<span class=\"hui\"><a href=\"https:\/\/www.megamachinery.com\/products\/semi-automatic-blow-moulding-machines\/\">&#8211; Semi-automatic blow moulding machines<\/a><\/span>[\/vc_column_text][\/vc_column][\/vc_row]<\/p>\n<\/div>","protected":false},"excerpt":{"rendered":"<p>[vc_row][vc_column][ &hellip;<\/p>\n","protected":false},"author":3,"featured_media":0,"parent":2677,"menu_order":0,"comment_status":"closed","ping_status":"closed","template":"","meta":{"nf_dc_page":"","footnotes":""},"class_list":["post-2704","page","type-page","status-publish","hentry"],"jetpack_sharing_enabled":true,"_links":{"self":[{"href":"https:\/\/megamachinery.com\/spanish\/wp-json\/wp\/v2\/pages\/2704","targetHints":{"allow":["GET"]}}],"collection":[{"href":"https:\/\/megamachinery.com\/spanish\/wp-json\/wp\/v2\/pages"}],"about":[{"href":"https:\/\/megamachinery.com\/spanish\/wp-json\/wp\/v2\/types\/page"}],"author":[{"embeddable":true,"href":"https:\/\/megamachinery.com\/spanish\/wp-json\/wp\/v2\/users\/3"}],"replies":[{"embeddable":true,"href":"https:\/\/megamachinery.com\/spanish\/wp-json\/wp\/v2\/comments?post=2704"}],"version-history":[{"count":2,"href":"https:\/\/megamachinery.com\/spanish\/wp-json\/wp\/v2\/pages\/2704\/revisions"}],"predecessor-version":[{"id":5480,"href":"https:\/\/megamachinery.com\/spanish\/wp-json\/wp\/v2\/pages\/2704\/revisions\/5480"}],"up":[{"embeddable":true,"href":"https:\/\/megamachinery.com\/spanish\/wp-json\/wp\/v2\/pages\/2677"}],"wp:attachment":[{"href":"https:\/\/megamachinery.com\/spanish\/wp-json\/wp\/v2\/media?parent=2704"}],"curies":[{"name":"wp","href":"https:\/\/api.w.org\/{rel}","templated":true}]}}