{"id":2701,"date":"2020-07-18T01:59:50","date_gmt":"2020-07-18T01:59:50","guid":{"rendered":"https:\/\/mega1969.com\/?page_id=2701"},"modified":"2022-05-27T16:02:00","modified_gmt":"2022-05-27T16:02:00","slug":"extrusion-blow-molded-containers-with-view-strip","status":"publish","type":"page","link":"https:\/\/megamachinery.com\/spanish\/solution\/extrusion-blow-molded-containers-with-view-strip\/","title":{"rendered":"Envases Moldeados por Extrusi\u00f3n-Soplado con Nivel Visual"},"content":{"rendered":"<div class=\"wpb-content-wrapper\"><p>[vc_row][vc_column]<h2 class='heading-left  divider-sm' ><span>Envases Moldeados por Extrusi\u00f3n-Soplado con Nivel Visual <\/span><\/h2>[vc_empty_space][\/vc_column][\/vc_row][vc_row][vc_column width=&#8221;1\/2&#8243;]<h4 class='heading-left  divider-modern'  style='color: #1e73be'><span>\u2192 Brief Introduction<\/span><\/h4>[vc_column_text]Mega proporciona una adicional unidad de tornillo a la m\u00e1quina de moldeo por extrusion&amp;soplado para el nivel visual y la especialmente dise\u00f1ada cabezal de extrusi\u00f3n mezcla las dos materiales de diferentes colores en un parison, y despu\u00e9s del soplado , el envase tiene un nivel visual para ayudar a usuario a obtener el nivel de l\u00edquido f\u00e1cilmente. Estos productos se han utilizado para el aceite de lubricaci\u00f3n .[\/vc_column_text][vc_column_text]Nuestra tecnolog\u00eda clave combina esos materiales de dos colores con menos l\u00ednea de soldadura de pl\u00e1stico derretido, que ayuda el envase con m\u00e1s estiramiento.[\/vc_column_text]<div class='table-responsive'><table class='table table-striped table-bordered'><thead  class='bg-primary'><tr><th>Applications<\/th><\/tr><\/thead><tbody><tr><td>Lubrication oil container, industrial container for the chemical<\/td><\/tr><tr><td>Advantages<\/td><\/tr><tr><td>Get to know the liquid level by viewing the vertical view line&#8230;<\/td><\/tr><\/tbody><\/table><\/div>[\/vc_column][vc_column width=&#8221;1\/2&#8243;][vc_single_image image=&#8221;5320&#8243; img_size=&#8221;full&#8221;][\/vc_column][\/vc_row][vc_row][vc_column]<h4 class='heading-left  style-1'  style='color: #1e73be'><span>\u2192 Remark<\/span><\/h4>[vc_column_text]Los envases\u00a0 con nivel visual\u00a0 normalmente se fabrican con un sistema de moldeo por co-extrusi\u00f3n y soplado.[\/vc_column_text][vc_column_text]<b>Mega Maquinaria, un proveedor profesional de los equipos de moldeo por extrusi\u00f3n y soplado en China.<\/b>[\/vc_column_text][\/vc_column][\/vc_row][vc_row][vc_column]<h4 class='heading-left  style-1'  style='color: #1e73be'><span>\u2192 M\u00e1quinas relacionadas de moldeo por extrusi\u00f3n y soplado :<\/span><\/h4>[vc_column_text]<span class=\"hui\"><a href=\"https:\/\/www.megamachinery.com\/portfolio\/mg-s-series-extrusion-blow-moulding-machine-single-station\/\">&#8211; MG-S extrusion blow molding machine<\/a><br \/>\n<\/span><span class=\"hui\"><a href=\"https:\/\/www.megamachinery.com\/portfolio\/mg-d-series-extrusion-blow-moulding-machine-double-station\/\">&#8211; MG-D extrusion blow molding machine<\/a><\/span><br \/>\n<span class=\"hui\"><a href=\"https:\/\/www.megamachinery.com\/portfolio\/mg-sl-series-accumulator-head-extrusion-blow-moulding-machines\/\">&#8211; MG-SL extrusion blow molding machine<\/a><\/span>[\/vc_column_text][\/vc_column][\/vc_row]<\/p>\n<\/div>","protected":false},"excerpt":{"rendered":"<p>[vc_row][vc_column][ &hellip;<\/p>\n","protected":false},"author":3,"featured_media":0,"parent":2677,"menu_order":0,"comment_status":"closed","ping_status":"closed","template":"","meta":{"nf_dc_page":"","footnotes":""},"class_list":["post-2701","page","type-page","status-publish","hentry"],"jetpack_sharing_enabled":true,"_links":{"self":[{"href":"https:\/\/megamachinery.com\/spanish\/wp-json\/wp\/v2\/pages\/2701","targetHints":{"allow":["GET"]}}],"collection":[{"href":"https:\/\/megamachinery.com\/spanish\/wp-json\/wp\/v2\/pages"}],"about":[{"href":"https:\/\/megamachinery.com\/spanish\/wp-json\/wp\/v2\/types\/page"}],"author":[{"embeddable":true,"href":"https:\/\/megamachinery.com\/spanish\/wp-json\/wp\/v2\/users\/3"}],"replies":[{"embeddable":true,"href":"https:\/\/megamachinery.com\/spanish\/wp-json\/wp\/v2\/comments?post=2701"}],"version-history":[{"count":3,"href":"https:\/\/megamachinery.com\/spanish\/wp-json\/wp\/v2\/pages\/2701\/revisions"}],"predecessor-version":[{"id":5488,"href":"https:\/\/megamachinery.com\/spanish\/wp-json\/wp\/v2\/pages\/2701\/revisions\/5488"}],"up":[{"embeddable":true,"href":"https:\/\/megamachinery.com\/spanish\/wp-json\/wp\/v2\/pages\/2677"}],"wp:attachment":[{"href":"https:\/\/megamachinery.com\/spanish\/wp-json\/wp\/v2\/media?parent=2701"}],"curies":[{"name":"wp","href":"https:\/\/api.w.org\/{rel}","templated":true}]}}