{"id":2698,"date":"2020-07-18T01:54:17","date_gmt":"2020-07-18T01:54:17","guid":{"rendered":"https:\/\/mega1969.com\/?page_id=2698"},"modified":"2022-05-28T12:05:42","modified_gmt":"2022-05-28T12:05:42","slug":"multiple-layer-extrusion-blow-molded-container","status":"publish","type":"page","link":"https:\/\/megamachinery.com\/spanish\/solution\/multiple-layer-extrusion-blow-molded-container\/","title":{"rendered":"Envases Moldeo por  Extrusi\u00f3n&#038; Soplado de Multi-capas"},"content":{"rendered":"<div class=\"wpb-content-wrapper\"><p>[vc_row][vc_column]<h2 class='heading-left  divider-sm' ><span> Envases Moldeo por Extrusi\u00f3n&amp; Soplado de Multi-capas <\/span><\/h2>[vc_empty_space][\/vc_column][\/vc_row][vc_row][vc_column width=&#8221;1\/2&#8243;]<h4 class='heading-left  divider-modern'  style='color: #1e73be'><span>\u2192 Introduci\u00f3n Sencilla<\/span><\/h4>[vc_column_text]Mega ofrece la soluci\u00f3n en proceso que dos o m\u00e1s pl\u00e1sticos diferentes se combinan. Por ese momento,estos pl\u00e1sticos presentan propiedades que no tienen cuando est\u00e1 procesada por su cuenta. Este proceso ofrece las soluciones t\u00e9cnicas y econ\u00f3micas para los grandes requisitos a muchos sectores tales como alimentos, bebidas, leche y productos l\u00e1cteos, cosm\u00e9ticos, productos agroqu\u00edmicos y farmac\u00e9uticos. La industria alimentaria est\u00e1 cada vez m\u00e1s utilizando las vantajas de co-extrusi\u00f3n para extender la vida \u00fatil de los productos l\u00e1cteos y bebidas refrescantes de zumos hasta 12 meses v\u00eda una barrera de protecci\u00f3n de luz y ox\u00edgeno. Las comidas incluso pueden estar llenada en caliente con pl\u00e1stico PP.[\/vc_column_text]<div class='table-responsive'><table class='table table-striped table-bordered'><thead  class='bg-primary'><tr><th>Applications<\/th><\/tr><\/thead><tbody><tr><td>Container for chemical, dairy, pharmacy, agrochemicals..<\/td><\/tr><tr><td>Advantages<\/td><\/tr><tr><td>Longer Shelf life<\/td><\/tr><\/tbody><\/table><\/div>[\/vc_column][vc_column width=&#8221;1\/2&#8243;][vc_column_text]<\/p>\n<p style=\"text-align: center;\">Muestras de Envases de M\u00falti-capas<\/p>\n<p>[\/vc_column_text][\/vc_column][\/vc_row][vc_row][vc_column]<h4 class='heading-left  style-1'  style='color: #1e73be'><span>\u2192 Noten<\/span><\/h4>[vc_column_text]Envases de barrera de multi-capa tambi\u00e9n se llama envases de barrera, que\u00a0 normalmente est\u00e1n hecho por el sistema de moldeo por co-extrusi\u00f3n &amp; soplado y tienen mejor rendimiento que el envase de sola capa.[\/vc_column_text][vc_column_text]Mega Maquinaria , un profesional proveedor de equipos de moldeos por soplado en China.[\/vc_column_text][\/vc_column][\/vc_row][vc_row][vc_column]<h4 class='heading-left  style-1'  style='color: #1e73be'><span>\u2192M\u00e1quinas relacionadas de moldeo por soplado:<\/span><\/h4>[vc_column_text]<span class=\"hui\"><a href=\"https:\/\/www.megamachinery.com\/portfolio\/mg-s-series-extrusion-blow-moulding-machine-single-station\/\">&#8211; MG-S extrusion blow molding machine<\/a><br \/>\n<\/span><span class=\"hui\"><a href=\"https:\/\/www.megamachinery.com\/portfolio\/mg-d-series-extrusion-blow-moulding-machine-double-station\/\">&#8211; MG-D extrusion blow molding machine<\/a><\/span>[\/vc_column_text][\/vc_column][\/vc_row]<\/p>\n<\/div>","protected":false},"excerpt":{"rendered":"<p>[vc_row][vc_column][ &hellip;<\/p>\n","protected":false},"author":3,"featured_media":0,"parent":2677,"menu_order":0,"comment_status":"closed","ping_status":"closed","template":"","meta":{"nf_dc_page":"","footnotes":""},"class_list":["post-2698","page","type-page","status-publish","hentry"],"jetpack_sharing_enabled":true,"_links":{"self":[{"href":"https:\/\/megamachinery.com\/spanish\/wp-json\/wp\/v2\/pages\/2698","targetHints":{"allow":["GET"]}}],"collection":[{"href":"https:\/\/megamachinery.com\/spanish\/wp-json\/wp\/v2\/pages"}],"about":[{"href":"https:\/\/megamachinery.com\/spanish\/wp-json\/wp\/v2\/types\/page"}],"author":[{"embeddable":true,"href":"https:\/\/megamachinery.com\/spanish\/wp-json\/wp\/v2\/users\/3"}],"replies":[{"embeddable":true,"href":"https:\/\/megamachinery.com\/spanish\/wp-json\/wp\/v2\/comments?post=2698"}],"version-history":[{"count":3,"href":"https:\/\/megamachinery.com\/spanish\/wp-json\/wp\/v2\/pages\/2698\/revisions"}],"predecessor-version":[{"id":5497,"href":"https:\/\/megamachinery.com\/spanish\/wp-json\/wp\/v2\/pages\/2698\/revisions\/5497"}],"up":[{"embeddable":true,"href":"https:\/\/megamachinery.com\/spanish\/wp-json\/wp\/v2\/pages\/2677"}],"wp:attachment":[{"href":"https:\/\/megamachinery.com\/spanish\/wp-json\/wp\/v2\/media?parent=2698"}],"curies":[{"name":"wp","href":"https:\/\/api.w.org\/{rel}","templated":true}]}}