{"id":2690,"date":"2020-07-18T01:40:18","date_gmt":"2020-07-18T01:40:18","guid":{"rendered":"https:\/\/mega1969.com\/?page_id=2690"},"modified":"2022-05-27T16:16:58","modified_gmt":"2022-05-27T16:16:58","slug":"multi-layer-barrier-pet-bottle","status":"publish","type":"page","link":"https:\/\/megamachinery.com\/spanish\/solution\/multi-layer-barrier-pet-bottle\/","title":{"rendered":"Botella PET de barrera de Multi-capas"},"content":{"rendered":"<div class=\"wpb-content-wrapper\"><p>[vc_row][vc_column]<h2 class='heading-left  divider-sm' ><span>Botella PET de barrera de Multi-capas<\/span><\/h2>[vc_empty_space][\/vc_column][\/vc_row][vc_row][vc_column width=&#8221;1\/2&#8243;]<h4 class='heading-left  divider-modern'  style='color: #1e73be'><span>\u2192 Introduci\u00f3n Sencilla<\/span><\/h4>[vc_column_text]Las botellas de barrera de mult-capas normalmente se utilizan para la industria de bebidas sensibles o las botellas de presi\u00f3n. Debido a las diferentes capas de preformas, este tipo de botellas ayudan el contenido mantener bien, pero son dif\u00edciles a ser solpadas por el tipo de estiramiento.En base a una d\u00e9cada de experiencia de R&amp;D de la m\u00e1quina de moldeo por estirado&amp; soplado con dos etapas, MEGA ha desarrollado con \u00e9xito un nuevo sistema para las botellas de barrera de multi-capas, que es adecuado para diferentes aplicaciones de barrera de multi- capas[\/vc_column_text]<div class='table-responsive'><table class='table table-striped table-bordered'><thead  class='bg-primary'><tr><th>Applications<\/th><\/tr><\/thead><tbody><tr><td>Sauces, preserves, beer, cheese, cleaner\u2026<\/td><\/tr><tr><td>Advantages<\/td><\/tr><tr><td>Optimized material distribution for enhanced package appearance <\/td><\/tr><tr><td>Cost saving on raw material<\/td><\/tr><\/tbody><\/table><\/div><h4 class='heading-left  style-1'  style='color: #1e73be'><span>\u2192 Remark<\/span><\/h4>[vc_column_text]Las botellas de barrera de mult-capas tambi\u00e9n se llaman botellas de barrera ,que son normalmente hecho por las preformas de multi-capas\u00a0 o las botellas de sola capa con capa interior a\u00f1adida o exterior rebubrida[\/vc_column_text][\/vc_column][vc_column width=&#8221;1\/2&#8243;][vc_single_image image=&#8221;5314&#8243; img_size=&#8221;full&#8221;][vc_column_text]<\/p>\n<p style=\"text-align: center;\">Muestras de botells de \u00a0barrera de Multi-capas<\/p>\n<p>[\/vc_column_text][\/vc_column][\/vc_row][vc_row][vc_column][vc_column_text]Mega Maquinaria ,un profesional proveedor de equipos de moldeos por soplado en China..[\/vc_column_text][\/vc_column][\/vc_row][vc_row][vc_column]<h4 class='heading-left  style-1'  style='color: #1e73be'><span>\u2192 M\u00e1quinas relacionadas de moldeo por soplado:<\/span><\/h4>[vc_column_text]<span class=\"hui\"><a href=\"https:\/\/www.megamachinery.com\/portfolio\/ss-series-automatic-blow-molding-machines\/\">&#8211; MG-SS Stretch blow molding machine<\/a><br \/>\n<\/span><span class=\"hui\"><a href=\"https:\/\/www.megamachinery.com\/portfolio\/economical-blow-moulding-machines\/\">&#8211; MG-E Stretch blow molding machine<\/a><\/span><br \/>\n<span class=\"hui\"><a href=\"https:\/\/www.megamachinery.com\/portfolio\/rotary-blow-moulding-machines\/\">&#8211; RB Rotary Stretch blow molding machine<\/a><\/span><br \/>\n<span class=\"hui\"><a href=\"https:\/\/www.megamachinery.com\/portfolio\/electric-stretch-blow-moulding-machines\/\">&#8211; EB Electric Stretch blow molding machine<\/a><\/span>[\/vc_column_text][\/vc_column][\/vc_row]<\/p>\n<\/div>","protected":false},"excerpt":{"rendered":"<p>[vc_row][vc_column][ &hellip;<\/p>\n","protected":false},"author":3,"featured_media":0,"parent":2677,"menu_order":0,"comment_status":"closed","ping_status":"closed","template":"","meta":{"nf_dc_page":"","footnotes":""},"class_list":["post-2690","page","type-page","status-publish","hentry"],"jetpack_sharing_enabled":true,"_links":{"self":[{"href":"https:\/\/megamachinery.com\/spanish\/wp-json\/wp\/v2\/pages\/2690","targetHints":{"allow":["GET"]}}],"collection":[{"href":"https:\/\/megamachinery.com\/spanish\/wp-json\/wp\/v2\/pages"}],"about":[{"href":"https:\/\/megamachinery.com\/spanish\/wp-json\/wp\/v2\/types\/page"}],"author":[{"embeddable":true,"href":"https:\/\/megamachinery.com\/spanish\/wp-json\/wp\/v2\/users\/3"}],"replies":[{"embeddable":true,"href":"https:\/\/megamachinery.com\/spanish\/wp-json\/wp\/v2\/comments?post=2690"}],"version-history":[{"count":2,"href":"https:\/\/megamachinery.com\/spanish\/wp-json\/wp\/v2\/pages\/2690\/revisions"}],"predecessor-version":[{"id":5490,"href":"https:\/\/megamachinery.com\/spanish\/wp-json\/wp\/v2\/pages\/2690\/revisions\/5490"}],"up":[{"embeddable":true,"href":"https:\/\/megamachinery.com\/spanish\/wp-json\/wp\/v2\/pages\/2677"}],"wp:attachment":[{"href":"https:\/\/megamachinery.com\/spanish\/wp-json\/wp\/v2\/media?parent=2690"}],"curies":[{"name":"wp","href":"https:\/\/api.w.org\/{rel}","templated":true}]}}