{"id":2686,"date":"2020-07-18T01:30:27","date_gmt":"2020-07-18T01:30:27","guid":{"rendered":"https:\/\/mega1969.com\/?page_id=2686"},"modified":"2022-05-27T15:52:31","modified_gmt":"2022-05-27T15:52:31","slug":"large-pet-container-5-gallon-pet-bottles","status":"publish","type":"page","link":"https:\/\/megamachinery.com\/spanish\/solution\/large-pet-container-5-gallon-pet-bottles\/","title":{"rendered":"Grandes Envanses de PET (botellas de PET de 5 galones)"},"content":{"rendered":"<div class=\"wpb-content-wrapper\"><p>[vc_row][vc_column]<h2 class='heading-left  divider-sm' ><span>Grandes Envanses de PET (botellas de PET de 5 galones)<\/span><\/h2>[vc_empty_space][\/vc_column][\/vc_row][vc_row][vc_column width=&#8221;1\/2&#8243;]<h4 class='heading-left  divider-modern'  style='color: #1e73be'><span>\u2192 Introducci\u00f3n Sencilla<\/span><\/h4>[vc_column_text]Mega ofrece la gran competitiva soluci\u00f3n de producci\u00f3n de envases de PET. El PET est\u00e1 libre de BPA,y es la m\u00e1s segura de las materiales pl\u00e1sticas para envases.<br \/>\nLas m\u00e1quinas de MG capacitan la voladura de un solo servicio y retornan las botellas de PET de 3 a 7 galones (de 11.5L a 26.5L). El PET es m\u00e1s ligero y menos costoso que las botellas tradicionales de PC de moldeado por extrusi\u00f3n&amp;soplado.[\/vc_column_text]<div class='table-responsive'><table class='table table-striped table-bordered'><thead  class='bg-primary'><tr><th>Applications<\/th><\/tr><\/thead><tbody><tr><td>Water Numerous other Food &amp; Beverage products<\/td><\/tr><tr><td>Advantages<\/td><\/tr><tr><td>less expensive than PC<\/td><\/tr><\/tbody><\/table><\/div><h4 class='heading-left  style-1'  style='color: #1e73be'><span>\u2192Noten<\/span><\/h4>[vc_column_text]La recalente m\u00e1quina de moldeo por estirado&amp;soplado para las garndes envases de PET tambi\u00e9n se llama la sopladora para las botellas de PET de 5 galones y sopladora de botellas de PET para los grandes\u00a0 envases de PET .[\/vc_column_text][\/vc_column][vc_column width=&#8221;1\/2&#8243;][vc_single_image image=&#8221;5307&#8243; img_size=&#8221;full&#8221;][vc_column_text]<\/p>\n<p style=\"text-align: center;\">Bottle Samples<\/p>\n<p>[\/vc_column_text][vc_single_image image=&#8221;5308&#8243; img_size=&#8221;full&#8221;][\/vc_column][\/vc_row][vc_row][vc_column][vc_column_text]Mega Maquinaria , un profesional proveedor de equipos de moldeos por soplado en China.[\/vc_column_text][\/vc_column][\/vc_row][vc_row][vc_column]<h4 class='heading-left  style-1'  style='color: #1e73be'><span>\u2192 M\u00e1quinas relacionadas de moldeo por soplado:<\/span><\/h4>[vc_column_text]<span class=\"hui\"><a href=\"https:\/\/www.megamachinery.com\/portfolio\/mg-90-pet-blow-moulding-machine-for-large-pet-bottles\/\">&#8211; MG-90 Semi-automatic Stretch blow molding machine<\/a><br \/>\n<\/span><span class=\"hui\"><a href=\"https:\/\/www.megamachinery.com\/portfolio\/5-gallon-pet-blow-moulding-machine-mg-120\/\">&#8211; MG-120 Stretch blow molding machine<\/a><\/span>[\/vc_column_text][\/vc_column][\/vc_row]<\/p>\n<\/div>","protected":false},"excerpt":{"rendered":"<p>[vc_row][vc_column][ &hellip;<\/p>\n","protected":false},"author":3,"featured_media":0,"parent":2677,"menu_order":0,"comment_status":"closed","ping_status":"closed","template":"","meta":{"nf_dc_page":"","footnotes":""},"class_list":["post-2686","page","type-page","status-publish","hentry"],"jetpack_sharing_enabled":true,"_links":{"self":[{"href":"https:\/\/megamachinery.com\/spanish\/wp-json\/wp\/v2\/pages\/2686","targetHints":{"allow":["GET"]}}],"collection":[{"href":"https:\/\/megamachinery.com\/spanish\/wp-json\/wp\/v2\/pages"}],"about":[{"href":"https:\/\/megamachinery.com\/spanish\/wp-json\/wp\/v2\/types\/page"}],"author":[{"embeddable":true,"href":"https:\/\/megamachinery.com\/spanish\/wp-json\/wp\/v2\/users\/3"}],"replies":[{"embeddable":true,"href":"https:\/\/megamachinery.com\/spanish\/wp-json\/wp\/v2\/comments?post=2686"}],"version-history":[{"count":2,"href":"https:\/\/megamachinery.com\/spanish\/wp-json\/wp\/v2\/pages\/2686\/revisions"}],"predecessor-version":[{"id":5485,"href":"https:\/\/megamachinery.com\/spanish\/wp-json\/wp\/v2\/pages\/2686\/revisions\/5485"}],"up":[{"embeddable":true,"href":"https:\/\/megamachinery.com\/spanish\/wp-json\/wp\/v2\/pages\/2677"}],"wp:attachment":[{"href":"https:\/\/megamachinery.com\/spanish\/wp-json\/wp\/v2\/media?parent=2686"}],"curies":[{"name":"wp","href":"https:\/\/api.w.org\/{rel}","templated":true}]}}