{"id":2679,"date":"2020-07-18T01:14:52","date_gmt":"2020-07-18T01:14:52","guid":{"rendered":"https:\/\/mega1969.com\/?page_id=2679"},"modified":"2022-05-27T16:33:41","modified_gmt":"2022-05-27T16:33:41","slug":"wide-mouth-containers-jar","status":"publish","type":"page","link":"https:\/\/megamachinery.com\/spanish\/solution\/wide-mouth-containers-jar\/","title":{"rendered":"Envases de PET de Gran Boca (Jarras)"},"content":{"rendered":"<div class=\"wpb-content-wrapper\"><p>[vc_row][vc_column]<h2 class='heading-left  divider-sm' ><span> Envases de PET de Gran Boca (Jarras)<\/span><\/h2>[vc_empty_space][\/vc_column][\/vc_row][vc_row][vc_column width=&#8221;1\/2&#8243;]<h4 class='heading-left  divider-modern'  style='color: #1e73be'><span>\u2192 Introduci\u00f3n Sencilla<\/span><\/h4>[vc_column_text]At Mega Machinery, We offer the two stage stretch blow molding equipments for wide openings preforms. Our machine is built for the neck finishes up to 140mm and even bigger depends on the customers needs. Mega&#8217;s wide mouth option can be added to our entire standard automatic reheat stretch blow molding machine.<\/p>\n<p>En Mega Maquinaria , les ofrecemos los equipos de moldeo por estirado&amp; sopladode dos etapas para las preformas de apertura amplia Nuestras m\u00e1quinas se utilizan para los cuellos terminados de hasta 140 mm y a\u00fan m\u00e1s grande depende de lo que necesita el clients La opci\u00f3n de la amplia boca de Mega se puede a\u00f1adir a todo nuestro est\u00e1ndar de m\u00e1quina autom\u00e1tica de recaletamiento de moldeo por estirado&amp; soplado.<\/p>\n<p>La m\u00e1quina econ\u00f3mica y manual MG-Jar700 se utiliza para las salidas de botellas peque\u00f1as..[\/vc_column_text][\/vc_column][vc_column width=&#8221;1\/2&#8243;][vc_single_image image=&#8221;4035&#8243; img_size=&#8221;full&#8221;][vc_column_text]<\/p>\n<ul>\n<li>Muestras de botellas<\/li>\n<\/ul>\n<p>[\/vc_column_text][\/vc_column][\/vc_row][vc_row][vc_column width=&#8221;1\/2&#8243;]<div class='table-responsive'><table class='table table-striped table-bordered'><thead  class='bg-primary'><tr><th>Applications<\/th><\/tr><\/thead><tbody><tr><td>Sauces, preserves, powders &amp; granules, cereals, cosmetics\u2026<\/td><\/tr><tr><td>Advantages<\/td><\/tr><tr><td>Less weight compare to the glass jar None frangibility<\/td><\/tr><\/tbody><\/table><\/div>[\/vc_column][vc_column width=&#8221;1\/2&#8243;][vc_single_image image=&#8221;4036&#8243; img_size=&#8221;full&#8221;][\/vc_column][\/vc_row][vc_row][vc_column]<h4 class='heading-left  style-1'  style='color: #1e73be'><span>\u2192 Remark<\/span><\/h4>[vc_column_text]Mega Provides the automatic wide mouth preform handling system for our reheat stretch blow molding machines.<\/p>\n<p>Mega Machinery, the Professional blow molding equipments supplier in China.[\/vc_column_text][\/vc_column][\/vc_row][vc_row][vc_column]<h4 class='heading-left  style-1'  style='color: #1e73be'><span>\u2192 Related Blow Molding Machines:<\/span><\/h4>[vc_column_text]<span class=\"hui\"><a href=\"https:\/\/www.megamachinery.com\/portfolio\/ss-series-automatic-blow-molding-machines\/\">&#8211; MG-SS Stretch Blow Molding Machine<\/a><br \/>\n<\/span><span class=\"hui\"><a href=\"https:\/\/www.megamachinery.com\/portfolio\/economical-blow-moulding-machines\/\">&#8211; MG-E Stretch blow molding machine<\/a><\/span><br \/>\n<span class=\"hui\"><a href=\"https:\/\/www.megamachinery.com\/portfolio\/mg-jar700-semi-automatic-blow-moulding-machine\/\">&#8211; MG-JAR700<\/a><\/span>[\/vc_column_text][\/vc_column][\/vc_row]<\/p>\n<\/div>","protected":false},"excerpt":{"rendered":"<p>[vc_row][vc_column][ &hellip;<\/p>\n","protected":false},"author":3,"featured_media":0,"parent":2677,"menu_order":0,"comment_status":"closed","ping_status":"closed","template":"","meta":{"nf_dc_page":"","footnotes":""},"class_list":["post-2679","page","type-page","status-publish","hentry"],"jetpack_sharing_enabled":true,"_links":{"self":[{"href":"https:\/\/megamachinery.com\/spanish\/wp-json\/wp\/v2\/pages\/2679","targetHints":{"allow":["GET"]}}],"collection":[{"href":"https:\/\/megamachinery.com\/spanish\/wp-json\/wp\/v2\/pages"}],"about":[{"href":"https:\/\/megamachinery.com\/spanish\/wp-json\/wp\/v2\/types\/page"}],"author":[{"embeddable":true,"href":"https:\/\/megamachinery.com\/spanish\/wp-json\/wp\/v2\/users\/3"}],"replies":[{"embeddable":true,"href":"https:\/\/megamachinery.com\/spanish\/wp-json\/wp\/v2\/comments?post=2679"}],"version-history":[{"count":2,"href":"https:\/\/megamachinery.com\/spanish\/wp-json\/wp\/v2\/pages\/2679\/revisions"}],"predecessor-version":[{"id":5494,"href":"https:\/\/megamachinery.com\/spanish\/wp-json\/wp\/v2\/pages\/2679\/revisions\/5494"}],"up":[{"embeddable":true,"href":"https:\/\/megamachinery.com\/spanish\/wp-json\/wp\/v2\/pages\/2677"}],"wp:attachment":[{"href":"https:\/\/megamachinery.com\/spanish\/wp-json\/wp\/v2\/media?parent=2679"}],"curies":[{"name":"wp","href":"https:\/\/api.w.org\/{rel}","templated":true}]}}