{"id":2677,"date":"2020-07-18T00:58:25","date_gmt":"2020-07-18T00:58:25","guid":{"rendered":"https:\/\/mega1969.com\/?page_id=2677"},"modified":"2022-08-06T08:25:32","modified_gmt":"2022-08-06T08:25:32","slug":"solution","status":"publish","type":"page","link":"https:\/\/megamachinery.com\/spanish\/solution\/","title":{"rendered":"Soluci\u00f3n"},"content":{"rendered":"<div class=\"wpb-content-wrapper\"><p>[vc_row equal_height=&#8221;yes&#8221;][vc_column width=&#8221;2\/3&#8243;][vc_single_image image=&#8221;5370&#8243; img_size=&#8221;full&#8221;][vc_empty_space height=&#8221;5px&#8221;][vc_custom_heading text=&#8221;MEGA les ofrece una excelente soluci\u00f3n de embalaje de pl\u00e1stico.&#8221; google_fonts=&#8221;font_family:Oswald%3A300%2Cregular%2C700|font_style:700%20bold%20regular%3A700%3Anormal&#8221;][vc_column_text]MEGA presenta mucha atenci\u00f3n al desarrollo de la industria, para que los clientes no solo puedan obtener beneficios del producto cuando trabajan con expertos, sino tambi\u00e9n obtener ventajas en el mercado. Nuestro objetivo es establecer asociaciones a largo plazo y una estrecha cooperaci\u00f3n con los clientes.<\/p>\n<p>La tecnolog\u00eda profesional del equipo MEGA combinada con nuestras soluciones l\u00edderes en la industria les brindan una ventaja competitiva real a los clientes.[\/vc_column_text][\/vc_column][vc_column css_animation=&#8221;fadeInRight&#8221; width=&#8221;1\/3&#8243;][vc_single_image image=&#8221;5374&#8243; img_size=&#8221;full&#8221; onclick=&#8221;custom_link&#8221; link=&#8221;https:\/\/www.megamachinery.com\/spanish\/solution\/hot-fill-pet-bottles\/&#8221;]<h5 class='heading-middle  divider-lg'  style='color: #000000'><span>Botellas de PET de Llenado en Caliente<\/span><\/h5>[vc_empty_space height=&#8221;25px&#8221;][vc_single_image image=&#8221;5315&#8243; img_size=&#8221;full&#8221; onclick=&#8221;custom_link&#8221; link=&#8221;https:\/\/www.megamachinery.com\/solution\/pharmaceutical-iv-bottle\/&#8221;]<h5 class='heading-middle  divider-lg'  style='color: #000000'><span>Botella Farmac\u00e9utica IV <\/span><\/h5>[\/vc_column][\/vc_row][vc_row css=&#8221;.vc_custom_1601273455531{padding-top: 50px !important;padding-bottom: 90px !important;}&#8221;][vc_column width=&#8221;1\/3&#8243;][vc_single_image image=&#8221;5376&#8243; img_size=&#8221;full&#8221; onclick=&#8221;custom_link&#8221; css_animation=&#8221;left-to-right&#8221; link=&#8221;https:\/\/www.megamachinery.com\/spanish\/solution\/oval-shaped-bottles\/&#8221;]<h5 class='heading-middle  divider-lg'  style='color: #000000'><span>Botellas Ovaladas<\/span><\/h5>[vc_column_text]<\/p>\n<h6 style=\"text-align: center;\"><span style=\"color: #000000;\">El sistema de calentamiento preferencial de Mega se especializa en una variedad de botellas de PET delgadas de forma ovalada y plana. Proporcionamos el paquete llave en mano para el desafiante contenedor del cliente&#8230; <a href=\"https:\/\/www.megamachinery.com\/spanish\/solution\/oval-shaped-bottles\/\">[M\u00e1s]\u00a0<\/a> \u00a0 \u00a0 \u00a0<\/span><\/h6>\n<p>[\/vc_column_text][vc_empty_space][vc_single_image image=&#8221;5311&#8243; img_size=&#8221;full&#8221; onclick=&#8221;custom_link&#8221; css_animation=&#8221;right-to-left&#8221; link=&#8221;https:\/\/www.megamachinery.com\/spanish\/solution\/pet-bottles-with-the-handle\/&#8221;]<h5 class='heading-middle  divider-lg'  style='color: #000000'><span> Botellas de PET con Mango<\/span><\/h5>[vc_column_text]<\/p>\n<h6><span style=\"color: #000000;\">En Asia ,las botellas de PET con mango est\u00e1n muy populares en las bebidas y los envases de la cocina y \u00a0se usan mucho para envasar salsas, aceites comestibles y otros art\u00edculos l\u00edquidos;\u00a0 <a style=\"color: #000000;\" href=\"https:\/\/www.megamachinery.com\/spanish\/solution\/pet-bottles-with-the-handle\/\">[M\u00e1s]<\/a><\/span><\/h6>\n<p>[\/vc_column_text][\/vc_column][vc_column width=&#8221;1\/3&#8243;][vc_single_image image=&#8221;5377&#8243; img_size=&#8221;full&#8221; onclick=&#8221;custom_link&#8221; css_animation=&#8221;right-to-left&#8221; link=&#8221;https:\/\/www.megamachinery.com\/spanish\/solution\/wide-mouth-containers-jar\/&#8221;]<h5 class='heading-middle  divider-lg'  style='color: #000000'><span>Envases de Gran Boca (Jarras)<\/span><\/h5>[vc_column_text]<\/p>\n<h6 style=\"text-align: center;\"><span style=\"color: #000000;\">En Mega Machinery, ofrecemos los equipos de moldeo por \u00a0estirado y\u00a0soplado de dos etapas para preformas de aberturas anchas. Nuestra m\u00e1quina se dise\u00f1a para acabados de cuello de hasta 140 mm<a href=\"https:\/\/www.megamachinery.com\/spanish\/solution\/wide-mouth-containers-jar\/\"> [M\u00e1s ]<\/a><\/span><\/h6>\n<p>[\/vc_column_text][vc_empty_space][vc_single_image image=&#8221;5309&#8243; img_size=&#8221;full&#8221; onclick=&#8221;custom_link&#8221; css_animation=&#8221;left-to-right&#8221; link=&#8221;https:\/\/www.megamachinery.com\/spanish\/solution\/large-pet-container-5-gallon-pet-bottles\/&#8221;]<h5 class='heading-middle  divider-lg'  style='color: #000000'><span>Grandes Botellones de PET<\/span><\/h5>[vc_column_text]<\/p>\n<h6><span style=\"color: #000000;\">Mega ofrece una soluci\u00f3n al gran competitivo mercado de envases de PET de cinco galones . El PET est\u00e1 libre de BPA, y es la m\u00e1s segura de las materiales pl\u00e1sticas para envases.<a style=\"color: #000000;\" href=\"https:\/\/www.megamachinery.com\/spanish\/solution\/large-pet-container-5-gallon-pet-bottles\/\">[M\u00e1s]<\/a><\/span><\/h6>\n<p>[\/vc_column_text][\/vc_column][vc_column width=&#8221;1\/3&#8243;][vc_single_image image=&#8221;5302&#8243; img_size=&#8221;full&#8221; onclick=&#8221;custom_link&#8221; css_animation=&#8221;left-to-right&#8221; link=&#8221;https:\/\/www.megamachinery.com\/spanish\/solution\/loading-system-for-none-nsr-preform\/&#8221;]<h5 class='heading-middle  divider-lg'  style='color: #000000'><span>Sistema de Carga para None NSR<\/span><\/h5>[vc_column_text]<\/p>\n<h6 style=\"text-align: center;\"><span style=\"color: #000000;\"><span style=\"color: #000000;\">Mega Maquinaria se ha introducido el especialmente dise\u00f1ado sistema de cargar preformas para que las preformas se pueda cargarse \u00a0sin apoyo del anillo del cuello.<a href=\"https:\/\/megamachinery.com\/spanish\/solution\/loading-system-for-none-nsr-preform\/\"> <span style=\"font-size: 10.72px;\">[M\u00e1s<\/span>\u00a0<\/a><\/span>]<\/span><\/h6>\n<p>[\/vc_column_text][vc_empty_space][vc_single_image image=&#8221;5315&#8243; img_size=&#8221;full&#8221; onclick=&#8221;custom_link&#8221; css_animation=&#8221;right-to-left&#8221; link=&#8221;https:\/\/www.megamachinery.com\/spanish\/solution\/multi-layer-barrier-pet-bottle\/&#8221;]<h5 class='heading-middle  divider-lg'  style='color: #000000'><span>Botella PET de barrera de Multi-capas<\/span><\/h5>[vc_column_text]<\/p>\n<h6 style=\"text-align: center;\"><span style=\"color: #000000;\">Las botellas de barrera de mult-capas normalmente se utilizan para la industria de bebidas sensibles o las bebidas de cerveza con gas . Este tipo de botellasa dopta la preforma hecha por un proceso especial. <a href=\"https:\/\/www.megamachinery.com\/spanish\/solution\/multi-layer-barrier-pet-bottle\/\">[M\u00e1s]<\/a><\/span><\/h6>\n<p>[\/vc_column_text][\/vc_column][\/vc_row][vc_row full_width=&#8221;stretch_row&#8221; css=&#8221;.vc_custom_1610437991482{padding-top: 60px !important;padding-bottom: 30px !important;background-image: url(https:\/\/www.megamachinery.com\/wp-content\/uploads\/2021\/01\/banner-102-2.jpg?id=4848) !important;}&#8221;][vc_column width=&#8221;1\/4&#8243;][\/vc_column][vc_column width=&#8221;1\/2&#8243;][vc_column_text]<\/p>\n<p style=\"text-align: center;\"><span style=\"font-size: 60px; background-color: #99ccff; color: #ffffff;\"><span style=\"color: #ffffff;\"><span style=\"font-size: 60px;\"><b>EL L\u00cdDER <\/b><\/span><\/span><b style=\"color: #ffffff; font-size: 60px;\">\u00a0<\/b><\/span><\/p>\n<p>[\/vc_column_text][vc_column_text]<\/p>\n<h6 style=\"text-align: center;\">MEGA presenta mucha atenci\u00f3n al desarrollo de la industria, para que los clientes no solo puedan obtener beneficios del producto cuando trabajan con expertos, sino tambi\u00e9n obtener ventajas en el mercado. Nuestro objetivo es establecer asociaciones a largo plazo y una estrecha cooperaci\u00f3n con los clientes. .<\/h6>\n<p>[\/vc_column_text][\/vc_column][vc_column width=&#8221;1\/4&#8243;][\/vc_column][\/vc_row][vc_row css=&#8221;.vc_custom_1601449561137{padding-top: 50px !important;}&#8221;][vc_column width=&#8221;1\/3&#8243;][vc_single_image image=&#8221;5464&#8243; img_size=&#8221;full&#8221; onclick=&#8221;custom_link&#8221; link=&#8221;https:\/\/www.megamachinery.com\/spanish\/solution\/pet-can\/&#8221;]<h5 class='heading-middle  divider-lg'  style='color: #000000'><span>Latas de PET<\/span><\/h5>[vc_column_text]<\/p>\n<h6 style=\"text-align: center;\"><span style=\"color: #000000;\">Debido a la propiedad de PET, las latas de PET est\u00e1n cada vez m\u00e1s populares \u00faltimamentela. Y <\/span><span style=\"color: #000000;\">las latas\u00a0<\/span><span style=\"color: #000000;\">moldeadas por estirado-soplado tienen la ventaja de un menor costo de producci\u00f3n,\u00a0<a href=\"https:\/\/www.megamachinery.com\/spanish\/solution\/pet-can\/\"> [M\u00e1s]<\/a><\/span><\/h6>\n<p>[\/vc_column_text][vc_empty_space][\/vc_column][vc_column width=&#8221;1\/3&#8243;][vc_single_image image=&#8221;5313&#8243; img_size=&#8221;full&#8221; onclick=&#8221;custom_link&#8221; link=&#8221;https:\/\/www.megamachinery.com\/spanish\/solution\/extrusion-blow-molded-containers-with-view-strip\/&#8221;]<h5 class='heading-middle  divider-lg'  style='color: #000000'><span>Envases Moldeados por Extrusi\u00f3n-Soplado con Nivel Visual <\/span><\/h5>[vc_column_text]<\/p>\n<h6 style=\"text-align: center;\"><span style=\"color: #000000;\">Mega proporciona la m\u00e1quina de moldeo por extrusi\u00f3n y soplado que se combina con\u00a0 un cabezal adicional para la nivel visual.\u00a0 <a href=\"https:\/\/www.megamachinery.com\/spanish\/solution\/extrusion-blow-molded-containers-with-view-strip\/\">[M\u00e1s]<\/a><\/span><\/h6>\n<p>[\/vc_column_text][vc_empty_space][\/vc_column][vc_column width=&#8221;1\/3&#8243;][vc_single_image image=&#8221;5466&#8243; img_size=&#8221;full&#8221; onclick=&#8221;custom_link&#8221; link=&#8221;https:\/\/www.megamachinery.com\/spanish\/solution\/multiple-layer-extrusion-blow-molded-container\/&#8221;]<h5 class='heading-middle  divider-lg'  style='color: #000000'><span>Envases Moldeados por Extrusi\u00f3n-Soplado de Multi-capa<\/span><\/h5>[vc_column_text]<\/p>\n<h6 style=\"text-align: center;\"><span style=\"color: #000000;\">Mega \u00a0ofrece una soluci\u00f3n nueva de embalaje, que dos o m\u00e1s pl\u00e1sticos diferentes puedan combinarse.\u00a0<\/span><span style=\"color: #000000;\"><span style=\"font-size: 10.72px;\"> Este proceso ofrece las soluciones t\u00e9cnicas y econ\u00f3micas <a href=\"https:\/\/www.megamachinery.com\/spanish\/solution\/multiple-layer-extrusion-blow-molded-container\/\">[M\u00e1s]<\/a><\/span><\/span><\/h6>\n<p>[\/vc_column_text][vc_empty_space][\/vc_column][\/vc_row][vc_row][vc_column][vc_icon icon_fontawesome=&#8221;fas fa-arrow-alt-circle-up&#8221; color=&#8221;black&#8221; align=&#8221;center&#8221; link=&#8221;url:https%3A%2F%2Fwww.megamachinery.com%2Fsolution%2F&#8221;][\/vc_column][\/vc_row]<\/p>\n<\/div>","protected":false},"excerpt":{"rendered":"<p>[vc_row equal_height &hellip;<\/p>\n","protected":false},"author":3,"featured_media":0,"parent":0,"menu_order":0,"comment_status":"closed","ping_status":"closed","template":"","meta":{"nf_dc_page":"","footnotes":""},"class_list":["post-2677","page","type-page","status-publish","hentry"],"jetpack_sharing_enabled":true,"_links":{"self":[{"href":"https:\/\/megamachinery.com\/spanish\/wp-json\/wp\/v2\/pages\/2677","targetHints":{"allow":["GET"]}}],"collection":[{"href":"https:\/\/megamachinery.com\/spanish\/wp-json\/wp\/v2\/pages"}],"about":[{"href":"https:\/\/megamachinery.com\/spanish\/wp-json\/wp\/v2\/types\/page"}],"author":[{"embeddable":true,"href":"https:\/\/megamachinery.com\/spanish\/wp-json\/wp\/v2\/users\/3"}],"replies":[{"embeddable":true,"href":"https:\/\/megamachinery.com\/spanish\/wp-json\/wp\/v2\/comments?post=2677"}],"version-history":[{"count":5,"href":"https:\/\/megamachinery.com\/spanish\/wp-json\/wp\/v2\/pages\/2677\/revisions"}],"predecessor-version":[{"id":5371,"href":"https:\/\/megamachinery.com\/spanish\/wp-json\/wp\/v2\/pages\/2677\/revisions\/5371"}],"wp:attachment":[{"href":"https:\/\/megamachinery.com\/spanish\/wp-json\/wp\/v2\/media?parent=2677"}],"curies":[{"name":"wp","href":"https:\/\/api.w.org\/{rel}","templated":true}]}}