{"id":2664,"date":"2020-07-17T08:40:51","date_gmt":"2020-07-17T08:40:51","guid":{"rendered":"https:\/\/mega1969.com\/?page_id=2664"},"modified":"2022-05-27T15:15:01","modified_gmt":"2022-05-27T15:15:01","slug":"hot-fill-pet-bottles","status":"publish","type":"page","link":"https:\/\/megamachinery.com\/spanish\/solution\/hot-fill-pet-bottles\/","title":{"rendered":"Botellas de PET de Llenado en Caliente"},"content":{"rendered":"<div class=\"wpb-content-wrapper\"><p>[vc_row][vc_column]<h2 class='heading-left  divider-sm' ><span>Botellas de PET de Llenado en Caliente <\/span><\/h2>[vc_empty_space][\/vc_column][\/vc_row][vc_row][vc_column width=&#8221;1\/2&#8243;][vc_single_image image=&#8221;5318&#8243; img_size=&#8221;full&#8221;][\/vc_column][vc_column width=&#8221;1\/2&#8243;]<h4 class='heading-left  divider-modern'  style='color: #1e73be'><span>\u2192 Introducci\u00f3n Sencilla<\/span><\/h4>[vc_column_text]Normalmente, las botellas PET se causan la deformaci\u00f3n cuando la temperatura del l\u00edquido est\u00e1 m\u00e1s que 65 \u00b0 C debido a la transici\u00f3n de vidrio..<\/p>\n<p>Gracias a nuestro presidente Cai Yuansen, por sus contribuciones de dise\u00f1o , Mega se han desarrollado dos m\u00e9todos revolucionarios: las multiples estapas de soplar y el sistema de refrigeraci\u00f3n de aire para las botellas PET llenadas en caliente Los ambos sistemas son introducidos para reducir el nivel de estr\u00e9s de PET residual y aumentar la velocidad de cristalizaci\u00f3n de PET. Ahora las botellas PET pueden soportar llenarse en caliente, sin ning\u00fan deformaci\u00f3n.[\/vc_column_text][\/vc_column][\/vc_row][vc_row][vc_column width=&#8221;1\/2&#8243;][vc_single_image image=&#8221;5476&#8243; img_size=&#8221;full&#8221;][\/vc_column][vc_column width=&#8221;1\/2&#8243;]<div class='table-responsive'><table class='table table-striped table-bordered'><thead  class='bg-primary'><tr><th>Applications<\/th><\/tr><\/thead><tbody><tr><td>Fruit juices, isotonic drinks, teas and coffees, soy sauce \u2026<\/td><\/tr><tr><td>Advantages<\/td><\/tr><tr><td>Increasing the filling temperature without any deformation.<\/td><\/tr><\/tbody><\/table><\/div>[\/vc_column][\/vc_row][vc_row][vc_column][vc_row_inner][vc_column_inner]<h4 class='heading-left  style-1'  style='color: #1e73be'><span>\u2192Noten<\/span><\/h4>[vc_column_text]El sistema de refrigeraci\u00f3n de aire y las m\u00falti-etapas de soplado se dise\u00f1an especialmente para el sistema de calor de botellas PET, que tambi\u00e9n se llama como resistencia al calor de botellas PET, que MEGA ha adquirido la patente. Actualmente, todos nuestros est\u00e1ndares de las m\u00e1quinas de moldeo por soplado &amp; estirado de dos etapas podr\u00edan a\u00f1adirse opciones del sistema de refrigeraci\u00f3n de aire, las m\u00faltiples etapas de soplar s\u00f3lo est\u00e1n disponibles a la serie MG-HR.[\/vc_column_text][\/vc_column_inner][\/vc_row_inner][vc_column_text]Mega Maquinaria, un profesional proveedor de equipos de moldeos por soplado en China.[\/vc_column_text][\/vc_column][\/vc_row][vc_row][vc_column]<h4 class='heading-left  style-1'  style='color: #1e73be'><span>\u2192 M\u00e1quinas relacionadas de moldeo por soplado:<\/span><\/h4>[vc_column_text]<span class=\"hui\"><a href=\"https:\/\/www.megamachinery.com\/portfolio\/ss-series-automatic-blow-molding-machines\/\">&#8211; MG-SS Stretch Blow Molding Machine<\/a><br \/>\n<\/span><span class=\"hui\"><a href=\"https:\/\/www.megamachinery.com\/portfolio\/heat-resistance-stretch-blow-molding-machine\/\">&#8211; MG-HR Stretch blow molding machine<\/a><\/span><br \/>\n<span class=\"hui\"><a href=\"https:\/\/www.megamachinery.com\/portfolio\/economical-blow-moulding-machines\/\">&#8211; MG-E Stretch blow molding machine<\/a><\/span><br \/>\n<span class=\"hui\"><a href=\"https:\/\/www.megamachinery.com\/portfolio\/rotary-blow-moulding-machines\/\">&#8211; RB Rotary Stretch blow molding machine<\/a><\/span><br \/>\n<span class=\"hui\"><a href=\"https:\/\/www.megamachinery.com\/portfolio\/electric-stretch-blow-moulding-machines\/\">&#8211; EB Electric Stretch blow molding machine<\/a><\/span>[\/vc_column_text][\/vc_column][\/vc_row]<\/p>\n<\/div>","protected":false},"excerpt":{"rendered":"<p>[vc_row][vc_column][ &hellip;<\/p>\n","protected":false},"author":3,"featured_media":0,"parent":2677,"menu_order":0,"comment_status":"closed","ping_status":"closed","template":"","meta":{"nf_dc_page":"","footnotes":""},"class_list":["post-2664","page","type-page","status-publish","hentry"],"jetpack_sharing_enabled":true,"_links":{"self":[{"href":"https:\/\/megamachinery.com\/spanish\/wp-json\/wp\/v2\/pages\/2664","targetHints":{"allow":["GET"]}}],"collection":[{"href":"https:\/\/megamachinery.com\/spanish\/wp-json\/wp\/v2\/pages"}],"about":[{"href":"https:\/\/megamachinery.com\/spanish\/wp-json\/wp\/v2\/types\/page"}],"author":[{"embeddable":true,"href":"https:\/\/megamachinery.com\/spanish\/wp-json\/wp\/v2\/users\/3"}],"replies":[{"embeddable":true,"href":"https:\/\/megamachinery.com\/spanish\/wp-json\/wp\/v2\/comments?post=2664"}],"version-history":[{"count":2,"href":"https:\/\/megamachinery.com\/spanish\/wp-json\/wp\/v2\/pages\/2664\/revisions"}],"predecessor-version":[{"id":5479,"href":"https:\/\/megamachinery.com\/spanish\/wp-json\/wp\/v2\/pages\/2664\/revisions\/5479"}],"up":[{"embeddable":true,"href":"https:\/\/megamachinery.com\/spanish\/wp-json\/wp\/v2\/pages\/2677"}],"wp:attachment":[{"href":"https:\/\/megamachinery.com\/spanish\/wp-json\/wp\/v2\/media?parent=2664"}],"curies":[{"name":"wp","href":"https:\/\/api.w.org\/{rel}","templated":true}]}}