{"id":2658,"date":"2020-07-17T08:19:51","date_gmt":"2020-07-17T08:19:51","guid":{"rendered":"https:\/\/mega1969.com\/?page_id=2658"},"modified":"2022-05-27T14:59:38","modified_gmt":"2022-05-27T14:59:38","slug":"oval-shaped-bottles","status":"publish","type":"page","link":"https:\/\/megamachinery.com\/spanish\/solution\/oval-shaped-bottles\/","title":{"rendered":"Botella Ovalada de PET"},"content":{"rendered":"<div class=\"wpb-content-wrapper\"><p>[vc_row][vc_column]<h2 class='heading-left  divider-sm' ><span>Botella Ovalada de PET<\/span><\/h2>[vc_empty_space][\/vc_column][\/vc_row][vc_row][vc_column width=&#8221;1\/2&#8243;]<h4 class='heading-left  divider-modern'  style='color: #1e73be'><span>\u2192 Introducci\u00f3n Sencilla<\/span><\/h4>[vc_column_text]El preferencial sistema de calentamiento de Mega se especializa en la variedad de delgadas botellas de PET de forma ovalada &amp;plana. Ofrecemos l\u00ednea de producci\u00f3n de paquete para desafiantes dise\u00f1os de envases a los clientes.<\/p>\n<p>El patentado preferencial sistema de calefacci\u00f3n de Mega\u00a0 se dise\u00f1a especialmente para las finas botellas de PET de forma ovalada sopladas por dos etapas de equipos de moldeo por estirado&amp;soplado. Esta tecnolog\u00eda permite la pared una distribuci\u00f3n de muy preciso espesor, incluso en la superficie compleja de las botella. Los pesos de preformas pueden ser optimizadas para el menor coste.y el preferencial sistema de calefacci\u00f3n se puede a\u00f1adir a las m\u00e1quinas est\u00e1ndares.[\/vc_column_text]<div class='table-responsive'><table class='table table-striped table-bordered'><thead  class='bg-primary'><tr><th>Applications<\/th><\/tr><\/thead><tbody><tr><td>Alcohol, detergents, cosmetics\u2026<\/td><\/tr><tr><td>Advantages<\/td><\/tr><tr><td>Optimized material distribution for enhanced package appearance Cost saving on raw material<\/td><\/tr><\/tbody><\/table><\/div>[\/vc_column][vc_column width=&#8221;1\/2&#8243;][vc_single_image image=&#8221;5473&#8243; img_size=&#8221;full&#8221;][\/vc_column][\/vc_row][vc_row][vc_column]<h4 class='heading-left  style-1'  style='color: #1e73be'><span>\u2192Noten<\/span><\/h4>[vc_column_text]El sistema de calentamiento preferencial se dise\u00f1a para las botellas de PET de forma ovalada; MEGA adquiri\u00f3 una Patente sobre esta unidad.\u00a0 Las m\u00e1quinas de moldeo por\u00a0 estirado y soplado de recalentamiento tambi\u00e9n se conocen como m\u00e1quinas de moldeo por estirado y soplado de PET, m\u00e1quinas de moldeo por estirado y soplado de dos etapas, m\u00e1quinas de soplado de botellas de PET y m\u00e1quinsa de moldeo por soplado de PET.[\/vc_column_text][vc_column_text]Mega Maquinaria, un proveedor profesional de equipos de moldeo por soplado en China.[\/vc_column_text][\/vc_column][\/vc_row][vc_row][vc_column]<h4 class='heading-left  style-1'  style='color: #1e73be'><span>\u2192M\u00e1quinas relacionadas de moldeo por soplado:<\/span><\/h4>[vc_column_text]<span class=\"hui\"><a href=\"https:\/\/www.megamachinery.com\/portfolio\/economical-blow-moulding-machines\/\">&#8211; MG-SS Stretch Blow Molding Machine<\/a><\/span><br \/>\n<span class=\"hui\"><a href=\"https:\/\/www.megamachinery.com\/portfolio\/economical-blow-moulding-machines\/\">&#8211; MG-E PET Blow Molding Machines<\/a><\/span>[\/vc_column_text][\/vc_column][\/vc_row]<\/p>\n<\/div>","protected":false},"excerpt":{"rendered":"<p>[vc_row][vc_column][ &hellip;<\/p>\n","protected":false},"author":3,"featured_media":0,"parent":2677,"menu_order":0,"comment_status":"closed","ping_status":"closed","template":"","meta":{"nf_dc_page":"","footnotes":""},"class_list":["post-2658","page","type-page","status-publish","hentry"],"jetpack_sharing_enabled":true,"_links":{"self":[{"href":"https:\/\/megamachinery.com\/spanish\/wp-json\/wp\/v2\/pages\/2658","targetHints":{"allow":["GET"]}}],"collection":[{"href":"https:\/\/megamachinery.com\/spanish\/wp-json\/wp\/v2\/pages"}],"about":[{"href":"https:\/\/megamachinery.com\/spanish\/wp-json\/wp\/v2\/types\/page"}],"author":[{"embeddable":true,"href":"https:\/\/megamachinery.com\/spanish\/wp-json\/wp\/v2\/users\/3"}],"replies":[{"embeddable":true,"href":"https:\/\/megamachinery.com\/spanish\/wp-json\/wp\/v2\/comments?post=2658"}],"version-history":[{"count":4,"href":"https:\/\/megamachinery.com\/spanish\/wp-json\/wp\/v2\/pages\/2658\/revisions"}],"predecessor-version":[{"id":5475,"href":"https:\/\/megamachinery.com\/spanish\/wp-json\/wp\/v2\/pages\/2658\/revisions\/5475"}],"up":[{"embeddable":true,"href":"https:\/\/megamachinery.com\/spanish\/wp-json\/wp\/v2\/pages\/2677"}],"wp:attachment":[{"href":"https:\/\/megamachinery.com\/spanish\/wp-json\/wp\/v2\/media?parent=2658"}],"curies":[{"name":"wp","href":"https:\/\/api.w.org\/{rel}","templated":true}]}}