{"id":2180,"date":"2020-07-02T00:19:18","date_gmt":"2020-07-02T00:19:18","guid":{"rendered":"https:\/\/mega1969.com\/?page_id=2180"},"modified":"2022-06-02T07:41:34","modified_gmt":"2022-06-02T07:41:34","slug":"filling-packaging-equipments","status":"publish","type":"page","link":"https:\/\/megamachinery.com\/spanish\/products\/filling-packaging-equipments\/","title":{"rendered":"Equipos de Llenado &#038; Empaque"},"content":{"rendered":"<div class=\"wpb-content-wrapper\"><p>[vc_row][vc_column]<h4 class='heading-left  divider-modern'  style='color: #1e73be'><span>Equipos de Llenado &amp; Empaque <\/span><\/h4>[vc_empty_space][\/vc_column][\/vc_row][vc_row][vc_column][vc_column_text]Junto con el creciente requerimiento de botellas de PET en el mercado, los equipos de llenado &amp; empaque relacionados son cada vez m\u00e1s importantes. MEGA, como uno de los proveedores profesionales de los equipos de moldeo por inyecci\u00f3n y moldeo por soplado en China, les proporcionamos la l\u00ednea de producci\u00f3n de empaque llave en mano a los clientes. Y hemos estado trabajando con diferentes fabricantes de maquinaria aguas abajo para proporcionar\u00a0 soluciones llave en mano.[\/vc_column_text][\/vc_column][\/vc_row][vc_row][vc_column width=&#8221;1\/3&#8243;][vc_single_image image=&#8221;5167&#8243; img_size=&#8221;full&#8221; style=&#8221;vc_box_outline&#8221; onclick=&#8221;custom_link&#8221; link=&#8221;https:\/\/www.megamachinery.com\/portfolio\/filling-packaging-equipments\/&#8221;]<h5 class='heading-left  divider-sm' ><span>Equipos de Llenado &amp; Empaque <\/span><\/h5>[vc_column_text]Junto con el creciente requerimiento de botellas de PET en el mercado, los equipos de llenado &amp; empaque relacionados son cada vez m\u00e1s importantes. [M\u00e1s][\/vc_column_text][\/vc_column][vc_column width=&#8221;1\/3&#8243;][\/vc_column][vc_column width=&#8221;1\/3&#8243;][\/vc_column][\/vc_row]<\/p>\n<\/div>","protected":false},"excerpt":{"rendered":"<p>[vc_row][vc_column][ &hellip;<\/p>\n","protected":false},"author":3,"featured_media":0,"parent":1461,"menu_order":0,"comment_status":"closed","ping_status":"closed","template":"","meta":{"nf_dc_page":"","footnotes":""},"class_list":["post-2180","page","type-page","status-publish","hentry"],"jetpack_sharing_enabled":true,"_links":{"self":[{"href":"https:\/\/megamachinery.com\/spanish\/wp-json\/wp\/v2\/pages\/2180","targetHints":{"allow":["GET"]}}],"collection":[{"href":"https:\/\/megamachinery.com\/spanish\/wp-json\/wp\/v2\/pages"}],"about":[{"href":"https:\/\/megamachinery.com\/spanish\/wp-json\/wp\/v2\/types\/page"}],"author":[{"embeddable":true,"href":"https:\/\/megamachinery.com\/spanish\/wp-json\/wp\/v2\/users\/3"}],"replies":[{"embeddable":true,"href":"https:\/\/megamachinery.com\/spanish\/wp-json\/wp\/v2\/comments?post=2180"}],"version-history":[{"count":5,"href":"https:\/\/megamachinery.com\/spanish\/wp-json\/wp\/v2\/pages\/2180\/revisions"}],"predecessor-version":[{"id":5513,"href":"https:\/\/megamachinery.com\/spanish\/wp-json\/wp\/v2\/pages\/2180\/revisions\/5513"}],"up":[{"embeddable":true,"href":"https:\/\/megamachinery.com\/spanish\/wp-json\/wp\/v2\/pages\/1461"}],"wp:attachment":[{"href":"https:\/\/megamachinery.com\/spanish\/wp-json\/wp\/v2\/media?parent=2180"}],"curies":[{"name":"wp","href":"https:\/\/api.w.org\/{rel}","templated":true}]}}