{"id":2178,"date":"2020-07-02T00:15:54","date_gmt":"2020-07-02T00:15:54","guid":{"rendered":"https:\/\/mega1969.com\/?page_id=2178"},"modified":"2022-04-20T06:13:25","modified_gmt":"2022-04-20T06:13:25","slug":"equipments-for-caps","status":"publish","type":"page","link":"https:\/\/megamachinery.com\/spanish\/products\/equipments-for-caps\/","title":{"rendered":"Equipos de Taponado"},"content":{"rendered":"<div class=\"wpb-content-wrapper\"><p>[vc_row][vc_column]<h4 class='heading-left  divider-modern'  style='color: #1e73be'><span>Equipos de Taponado<\/span><\/h4>[vc_empty_space][\/vc_column][\/vc_row][vc_row][vc_column][vc_column_text]Mega es un fabricante\u00a0 y proveedor profesional de las m\u00e1quinas\u00a0 de revestimiento de tapas y m\u00e1quinas cortadoras de tapas en China. La m\u00e1quina de revestimiento es especialmente dise\u00f1ada para el cierre de pl\u00e1stico, con el fin de prolongar la vida \u00fatil de las bebidas carbonatadas, normalmente el fabricante agregar\u00e1 un revestimiento dentro del cierre. La m\u00e1quina de revestimiento de tapas se utiliza para comprimir un revestimiento de sellado dentro del cierre. Despu\u00e9s de a\u00f1os de actualizaci\u00f3n, la nueva m\u00e1quina de revestimiento de tapas es m\u00e1s r\u00e1pida y ahorra m\u00e1s energ\u00eda.<\/p>\n<p>La m\u00e1quina cortadora autom\u00e1tica de tapas MG-3 se utiliza\u00a0 principalmente para cortar la banda de evidencia de manipulaci\u00f3n de las tapas. Adoptamos una nueva idea para las tapas de entrega en la cortadora, que es m\u00e1s conveniente. En la secci\u00f3n de corte, se instalan bordes de dise\u00f1o especial, lo que proporciona un anillo de seguridad m\u00e1s agradable en la tapa a prueba de manipulaciones.[\/vc_column_text][\/vc_column][\/vc_row][vc_row][vc_column width=&#8221;1\/3&#8243;][vc_single_image image=&#8221;5209&#8243; img_size=&#8221;full&#8221; style=&#8221;vc_box_outline&#8221; onclick=&#8221;custom_link&#8221; link=&#8221;https:\/\/www.megamachinery.com\/portfolio\/cap-lining-machine\/&#8221;]<h5 class='heading-left  divider-sm' ><span>M\u00e1quina de Revestimiento de Tapas<\/span><\/h5>[vc_column_text]La m\u00e1quina de revestimiento de tapas MG-2 se utiliza principalmente para producir revestimientos a prueba de aire dentro de la tapa de pl\u00e1stico,\u00a0 que es com\u00fan para las tapas\u00a0 para el llenado en caliente, [M\u00e1s][\/vc_column_text][\/vc_column][vc_column width=&#8221;1\/3&#8243;][vc_single_image image=&#8221;5210&#8243; img_size=&#8221;full&#8221; style=&#8221;vc_box_outline&#8221; onclick=&#8221;custom_link&#8221; link=&#8221;https:\/\/www.megamachinery.com\/portfolio\/cap-slitting-machine\/&#8221;]<h5 class='heading-left  divider-sm' ><span>M\u00e1quina Mortadora de Tapas<\/span><\/h5>[vc_column_text]La m\u00e1quina cortadora de tapas\u00a0 se\u00a0 dise\u00f1a para cortar la banda de evidencia de manipulaci\u00f3n de la tapa. [M\u00e1s][\/vc_column_text][\/vc_column][vc_column width=&#8221;1\/3&#8243;][\/vc_column][\/vc_row]<\/p>\n<\/div>","protected":false},"excerpt":{"rendered":"<p>[vc_row][vc_column][ &hellip;<\/p>\n","protected":false},"author":3,"featured_media":0,"parent":1461,"menu_order":0,"comment_status":"closed","ping_status":"closed","template":"","meta":{"nf_dc_page":"","footnotes":""},"class_list":["post-2178","page","type-page","status-publish","hentry"],"jetpack_sharing_enabled":true,"_links":{"self":[{"href":"https:\/\/megamachinery.com\/spanish\/wp-json\/wp\/v2\/pages\/2178","targetHints":{"allow":["GET"]}}],"collection":[{"href":"https:\/\/megamachinery.com\/spanish\/wp-json\/wp\/v2\/pages"}],"about":[{"href":"https:\/\/megamachinery.com\/spanish\/wp-json\/wp\/v2\/types\/page"}],"author":[{"embeddable":true,"href":"https:\/\/megamachinery.com\/spanish\/wp-json\/wp\/v2\/users\/3"}],"replies":[{"embeddable":true,"href":"https:\/\/megamachinery.com\/spanish\/wp-json\/wp\/v2\/comments?post=2178"}],"version-history":[{"count":3,"href":"https:\/\/megamachinery.com\/spanish\/wp-json\/wp\/v2\/pages\/2178\/revisions"}],"predecessor-version":[{"id":5369,"href":"https:\/\/megamachinery.com\/spanish\/wp-json\/wp\/v2\/pages\/2178\/revisions\/5369"}],"up":[{"embeddable":true,"href":"https:\/\/megamachinery.com\/spanish\/wp-json\/wp\/v2\/pages\/1461"}],"wp:attachment":[{"href":"https:\/\/megamachinery.com\/spanish\/wp-json\/wp\/v2\/media?parent=2178"}],"curies":[{"name":"wp","href":"https:\/\/api.w.org\/{rel}","templated":true}]}}