{"id":2176,"date":"2020-07-02T00:13:36","date_gmt":"2020-07-02T00:13:36","guid":{"rendered":"https:\/\/mega1969.com\/?page_id=2176"},"modified":"2022-04-18T06:56:33","modified_gmt":"2022-04-18T06:56:33","slug":"auxiliary-equipments","status":"publish","type":"page","link":"https:\/\/megamachinery.com\/spanish\/products\/auxiliary-equipments\/","title":{"rendered":"Equipos Auxiliares"},"content":{"rendered":"<div class=\"wpb-content-wrapper\"><p>[vc_row][vc_column]<h4 class='heading-left  divider-modern'  style='color: #1e73be'><span>Equipos Auxiliares<\/span><\/h4>[vc_empty_space][\/vc_column][\/vc_row][vc_row][vc_column][vc_column_text]En MEGA Machinery, el sistema de moldeo por soplado, el sistema de moldeo por inyecci\u00f3n y los moldes de inyecci\u00f3n son los productos principales. Para\u00a0 brindar un mejor servicio a nuestros clientes ,\u00a0 en base a\u00a0 muchos a\u00f1os de experiencia y conocimientos en el campo del moldeo por soplado y\u00a0 inyecci\u00f3n,\u00a0 MEGA Machinery suministra los equipos auxiliares relacionados para construir el proyecto llave en mano para los clientes en cooperaci\u00f3n con los famosos fabricantes de equipos auxiliares .[\/vc_column_text][\/vc_column][\/vc_row][vc_row][vc_column width=&#8221;1\/3&#8243;][vc_single_image image=&#8221;5205&#8243; img_size=&#8221;full&#8221; style=&#8221;vc_box_outline&#8221; onclick=&#8221;custom_link&#8221; link=&#8221;https:\/\/www.megamachinery.com\/portfolio\/air-compressor\/&#8221;]<h5 class='heading-middle  divider-lg' ><span>Compresor de Aire<\/span><\/h5>[vc_column_text]El compresor de aire es la fuente de aire para la m\u00e1quina de moldeo por soplado y estirado de PET. Como unidad principal de equipos de producci\u00f3n de PET, [M\u00e1s ][\/vc_column_text][\/vc_column][vc_column width=&#8221;1\/3&#8243;][vc_single_image image=&#8221;5206&#8243; img_size=&#8221;full&#8221; style=&#8221;vc_box_outline&#8221; onclick=&#8221;custom_link&#8221; link=&#8221;https:\/\/www.megamachinery.com\/portfolio\/air-dryer\/&#8221;]<h5 class='heading-middle  divider-lg' ><span>Secador de Aire <\/span><\/h5>[vc_column_text]La humedad en la atm\u00f3sfera generalmente se convierte en gaseoso y es dif\u00edcil de detectar. Y despu\u00e9s de ser comprimido en el compresor de aire y enfriado por el tubo, [M\u00e1s][\/vc_column_text][\/vc_column][vc_column width=&#8221;1\/3&#8243;][vc_single_image image=&#8221;5207&#8243; img_size=&#8221;full&#8221; style=&#8221;vc_box_outline&#8221; onclick=&#8221;custom_link&#8221; link=&#8221;https:\/\/www.megamachinery.com\/portfolio\/air-filter\/&#8221; title=&#8221;Filtros&#8221;]<h5 class='heading-middle  divider-lg' ><span>Filtro de Aire<\/span><\/h5>[vc_column_text]Aparte del agua, tambi\u00e9n hay algunas impurezas corrosivas como el carbono-hidr\u00f3geno, polvo diminuto y part\u00edculas s\u00f3lidas, etc. [M\u00e1s][\/vc_column_text][\/vc_column][\/vc_row][vc_row][vc_column width=&#8221;1\/3&#8243;][vc_single_image image=&#8221;5240&#8243; img_size=&#8221;full&#8221; style=&#8221;vc_box_outline&#8221; onclick=&#8221;custom_link&#8221; link=&#8221;https:\/\/www.megamachinery.com\/portfolio\/water-chiller\/&#8221; title=&#8221;Chiller Industrial&#8221;]<h5 class='heading-middle  divider-lg' ><span>Enfriador de Agua<\/span><\/h5>[vc_column_text]El enfriador de agua es dise\u00f1ado para enfriar el molde para mejorar el acabado de los productos de pl\u00e1stico y reducir la tensi\u00f3n interna, [M\u00e1s][\/vc_column_text][\/vc_column][vc_column width=&#8221;1\/3&#8243;][vc_single_image image=&#8221;5179&#8243; img_size=&#8221;full&#8221; style=&#8221;vc_box_outline&#8221; onclick=&#8221;custom_link&#8221; link=&#8221;https:\/\/www.megamachinery.com\/portfolio\/autoloader\/&#8221;]<h5 class='heading-middle  divider-lg' ><span>Autocargador<\/span><\/h5>[vc_column_text]El cargador autom\u00e1tico se utiliza para cargar resina pl\u00e1stica en el secador de tolva para eliminar la humedad antes de inyectarla en los productos terminados. [M\u00e1s][\/vc_column_text][\/vc_column][vc_column width=&#8221;1\/3&#8243;][vc_single_image image=&#8221;5181&#8243; img_size=&#8221;full&#8221; style=&#8221;vc_box_outline&#8221; onclick=&#8221;custom_link&#8221; link=&#8221;https:\/\/www.megamachinery.com\/portfolio\/hopper-dryer\/&#8221;]<h5 class='heading-middle  divider-lg' ><span>Secador de Tolva<\/span><\/h5>[vc_column_text]El secador de tolva se utiliza para eliminar la humedad en el material pl\u00e1stico. Si el material pl\u00e1stico se coloca en el barril de la m\u00e1quina de inyecci\u00f3n sin secarse, [M\u00e1s][\/vc_column_text][\/vc_column][\/vc_row][vc_row][vc_column width=&#8221;1\/3&#8243;][vc_single_image image=&#8221;5211&#8243; img_size=&#8221;full&#8221; style=&#8221;vc_box_outline&#8221; onclick=&#8221;custom_link&#8221; link=&#8221;https:\/\/www.megamachinery.com\/portfolio\/cooling-tower\/&#8221;]<h5 class='heading-middle  divider-lg' ><span>Torre de Enfriamiento<\/span><\/h5>[vc_column_text]La torre de enfriamiento es un equipo de enfriamiento perfecto para la l\u00ednea de producci\u00f3n de pl\u00e1stico, que ofrece suficiente agua para enfriar el enfriador de agua, [M\u00e1s][\/vc_column_text][\/vc_column][vc_column width=&#8221;1\/3&#8243;][vc_single_image image=&#8221;5214&#8243; img_size=&#8221;full&#8221; style=&#8221;vc_box_outline&#8221; onclick=&#8221;custom_link&#8221; link=&#8221;https:\/\/www.megamachinery.com\/portfolio\/granulator\/&#8221;]<h5 class='heading-middle  divider-lg' ><span>Granulador<\/span><\/h5>[vc_column_text]El granulador se utiliza para triturar los productos rechazados, tal como preformas y botellas de PET defectuosas para su reutilizaci\u00f3n. [M\u00e1s][\/vc_column_text][\/vc_column][vc_column width=&#8221;1\/3&#8243;][vc_single_image image=&#8221;5237&#8243; img_size=&#8221;full&#8221; style=&#8221;vc_box_outline&#8221; onclick=&#8221;custom_link&#8221; link=&#8221;https:\/\/www.megamachinery.com\/portfolio\/mixer\/&#8221;]<h5 class='heading-middle  divider-lg' ><span>Mezclador<\/span><\/h5>[vc_column_text]El mezclador se utiliza para mezclar el producto de rechazo triturado con material pl\u00e1stico nuevo o mezclar el lote maestro de pl\u00e1stico [M\u00e1s][\/vc_column_text][\/vc_column][\/vc_row][vc_row][vc_column][vc_icon icon_fontawesome=&#8221;fas fa-arrow-circle-up&#8221; color=&#8221;black&#8221; align=&#8221;center&#8221;][\/vc_column][\/vc_row]<\/p>\n<\/div>","protected":false},"excerpt":{"rendered":"<p>[vc_row][vc_column][ &hellip;<\/p>\n","protected":false},"author":3,"featured_media":0,"parent":1461,"menu_order":0,"comment_status":"closed","ping_status":"closed","template":"","meta":{"nf_dc_page":"","footnotes":""},"class_list":["post-2176","page","type-page","status-publish","hentry"],"jetpack_sharing_enabled":true,"_links":{"self":[{"href":"https:\/\/megamachinery.com\/spanish\/wp-json\/wp\/v2\/pages\/2176","targetHints":{"allow":["GET"]}}],"collection":[{"href":"https:\/\/megamachinery.com\/spanish\/wp-json\/wp\/v2\/pages"}],"about":[{"href":"https:\/\/megamachinery.com\/spanish\/wp-json\/wp\/v2\/types\/page"}],"author":[{"embeddable":true,"href":"https:\/\/megamachinery.com\/spanish\/wp-json\/wp\/v2\/users\/3"}],"replies":[{"embeddable":true,"href":"https:\/\/megamachinery.com\/spanish\/wp-json\/wp\/v2\/comments?post=2176"}],"version-history":[{"count":4,"href":"https:\/\/megamachinery.com\/spanish\/wp-json\/wp\/v2\/pages\/2176\/revisions"}],"predecessor-version":[{"id":5363,"href":"https:\/\/megamachinery.com\/spanish\/wp-json\/wp\/v2\/pages\/2176\/revisions\/5363"}],"up":[{"embeddable":true,"href":"https:\/\/megamachinery.com\/spanish\/wp-json\/wp\/v2\/pages\/1461"}],"wp:attachment":[{"href":"https:\/\/megamachinery.com\/spanish\/wp-json\/wp\/v2\/media?parent=2176"}],"curies":[{"name":"wp","href":"https:\/\/api.w.org\/{rel}","templated":true}]}}