{"id":2174,"date":"2020-07-02T00:09:31","date_gmt":"2020-07-02T00:09:31","guid":{"rendered":"https:\/\/mega1969.com\/?page_id=2174"},"modified":"2022-06-02T08:02:42","modified_gmt":"2022-06-02T08:02:42","slug":"injection-molding-machine","status":"publish","type":"page","link":"https:\/\/megamachinery.com\/spanish\/products\/injection-molding-machine\/","title":{"rendered":"M\u00e1quina de Moldeo por Inyecci\u00f3n"},"content":{"rendered":"<div class=\"wpb-content-wrapper\"><p>[vc_row][vc_column]<h4 class='heading-left  divider-modern'  style='color: #1e73be'><span>M\u00e1quina de Moldeo por Inyecci\u00f3n<\/span><\/h4>[vc_empty_space][\/vc_column][\/vc_row][vc_row][vc_column][vc_column_text]MEGA Machinery ha determinado fuertemente el desarrollo de las m\u00e1quinas de moldeo por inyecci\u00f3n, como una empresa especialista en la fabricaci\u00f3n de diferentes gamas de m\u00e1quinas de moldeo por inyecci\u00f3n para el procesamiento de pl\u00e1sticos. Mega Machinery tiene 3 plantas de producci\u00f3n en China y m\u00e1s de 400 empleados para desarrollar y fabricar una gama de m\u00e1quinas de moldeo por inyecci\u00f3n h\u00edbridas e hidr\u00e1ulicas con fuerzas de cierre que van desde 770 kN a 12 500 kN.<\/p>\n<p>En la actualidad, MEGA ofrece tres gamas de las m\u00e1quinas de moldeo por inyecci\u00f3n, el Sistema de Moldeo dePreformas PET Master es una m\u00e1quina especializada para la l\u00ednea de producci\u00f3n de moldeo de preformas de alta velocidad. Las M\u00e1quinas de Moldeo por Inyecci\u00f3n de la Serie MG son generalmente m\u00e1quinas accionadas hidr\u00e1ulicamente, y las M\u00e1quinas de Moldeo por Inyecci\u00f3n de PET se dise\u00f1an para los moldes de preformas de cavidades peque\u00f1as a medianas.[\/vc_column_text][\/vc_column][\/vc_row][vc_row][vc_column width=&#8221;1\/3&#8243;][vc_single_image image=&#8221;5227&#8243; img_size=&#8221;full&#8221; style=&#8221;vc_box_outline&#8221; onclick=&#8221;custom_link&#8221; link=&#8221;https:\/\/www.megamachinery.com\/portfolio\/pet-injection-moulding-machines\/&#8221;]<h5 class='heading-left  divider-sm' ><span>M\u00e1quinas de Moldeo por Inyecci\u00f3n de PET<\/span><\/h5>[vc_column_text]Mega se ha involucrado con el sistema de moldeo de preformas de PET desde finales de los a\u00f1os 80. De acuerdo con la experiencia en la construcci\u00f3n de herramientas de preformas,[M\u00e1s][\/vc_column_text][\/vc_column][vc_column width=&#8221;1\/3&#8243;][vc_single_image image=&#8221;5216&#8243; img_size=&#8221;full&#8221; style=&#8221;vc_box_outline&#8221; onclick=&#8221;custom_link&#8221; link=&#8221;https:\/\/www.megamachinery.com\/portfolio\/mg-series-injection-moulding-machines\/&#8221;]<h5 class='heading-left  divider-sm' ><span>M\u00e1quinas de Moldeo por Inyecci\u00f3n de la Serie MG<\/span><\/h5>[vc_column_text]Mega Machinery tiene una grande variedad de m\u00e1quinas inyectoras,las cuales cumplen con todas las aplicaciones del sector est\u00e1ndar,[M\u00e1s][\/vc_column_text][\/vc_column][vc_column width=&#8221;1\/3&#8243;][vc_single_image image=&#8221;5217&#8243; img_size=&#8221;full&#8221; style=&#8221;vc_box_outline&#8221; onclick=&#8221;custom_link&#8221; link=&#8221;https:\/\/www.megamachinery.com\/portfolio\/mg-series-injection-moulding-machines-2\/&#8221;]<h5 class='heading-left  divider-sm' ><span>M\u00e1quinas de Moldeo por Inyecci\u00f3n de la Serie MG (M\u00e1s modelos)<\/span><\/h5>[vc_column_text]Con fuerzas de cierre entre 600 y 125.000, con el alto rendimiento de la m\u00e1quina de moldeo por inyecci\u00f3n y menos precio, [M\u00e1s][\/vc_column_text][\/vc_column][\/vc_row]<\/p>\n<\/div>","protected":false},"excerpt":{"rendered":"<p>[vc_row][vc_column][ &hellip;<\/p>\n","protected":false},"author":3,"featured_media":0,"parent":1461,"menu_order":0,"comment_status":"closed","ping_status":"closed","template":"","meta":{"nf_dc_page":"","footnotes":""},"class_list":["post-2174","page","type-page","status-publish","hentry"],"jetpack_sharing_enabled":true,"_links":{"self":[{"href":"https:\/\/megamachinery.com\/spanish\/wp-json\/wp\/v2\/pages\/2174","targetHints":{"allow":["GET"]}}],"collection":[{"href":"https:\/\/megamachinery.com\/spanish\/wp-json\/wp\/v2\/pages"}],"about":[{"href":"https:\/\/megamachinery.com\/spanish\/wp-json\/wp\/v2\/types\/page"}],"author":[{"embeddable":true,"href":"https:\/\/megamachinery.com\/spanish\/wp-json\/wp\/v2\/users\/3"}],"replies":[{"embeddable":true,"href":"https:\/\/megamachinery.com\/spanish\/wp-json\/wp\/v2\/comments?post=2174"}],"version-history":[{"count":5,"href":"https:\/\/megamachinery.com\/spanish\/wp-json\/wp\/v2\/pages\/2174\/revisions"}],"predecessor-version":[{"id":5515,"href":"https:\/\/megamachinery.com\/spanish\/wp-json\/wp\/v2\/pages\/2174\/revisions\/5515"}],"up":[{"embeddable":true,"href":"https:\/\/megamachinery.com\/spanish\/wp-json\/wp\/v2\/pages\/1461"}],"wp:attachment":[{"href":"https:\/\/megamachinery.com\/spanish\/wp-json\/wp\/v2\/media?parent=2174"}],"curies":[{"name":"wp","href":"https:\/\/api.w.org\/{rel}","templated":true}]}}