{"id":2172,"date":"2020-07-02T00:07:23","date_gmt":"2020-07-02T00:07:23","guid":{"rendered":"https:\/\/mega1969.com\/?page_id=2172"},"modified":"2022-06-02T08:00:38","modified_gmt":"2022-06-02T08:00:38","slug":"extrusion-blow-molding-machines","status":"publish","type":"page","link":"https:\/\/megamachinery.com\/spanish\/products\/extrusion-blow-molding-machines\/","title":{"rendered":"M\u00e1quinas de Moldeo por Extrusi\u00f3n y Soplado"},"content":{"rendered":"<div class=\"wpb-content-wrapper\"><p>[vc_row][vc_column]<h4 class='heading-left  divider-modern'  style='color: #1e73be'><span>M\u00e1quinas de Moldeo por Extrusi\u00f3n y Soplado<\/span><\/h4>[vc_empty_space][\/vc_column][\/vc_row][vc_row][vc_column][vc_column_text]MEGA Machinery proporciona los envases de embalaje con vol\u00famenes que van desde unos pocos mililitros hasta 300 litros, los envases grandes con capacidades de hasta 1.000 litros.\u00a0 \u00a0La maquinaria y los moldes de MEGA Machinery simplifican la fabricaci\u00f3n de productos moldeados por soplado, independientemente de si est\u00e9n equipados con un cabezal paris\u00f3n continuo o el acumulador, con accionamiento hidr\u00e1ulico o el\u00e9ctrico h\u00edbrido y otras t\u00e9cnicas. La estrecha cooperaci\u00f3n entre MEGA y sus clientes se suma al \u00e9xito.[\/vc_column_text][\/vc_column][\/vc_row][vc_row][vc_column width=&#8221;1\/3&#8243;][vc_single_image image=&#8221;5229&#8243; img_size=&#8221;full&#8221; style=&#8221;vc_box_outline&#8221; onclick=&#8221;custom_link&#8221; link=&#8221;https:\/\/www.megamachinery.com\/portfolio\/mg-s-series-extrusion-blow-moulding-machine-single-station\/&#8221;]<h5 class='heading-left  divider-lg' ><span>M\u00e1quina de Moldeo por Extrusi\u00f3n y Soplado de la Serie MG-S<\/span><\/h5>[vc_column_text]La serie MG-S es una m\u00e1quina de moldeo por extrusi\u00f3n y soplado de estaci\u00f3n \u00fanica para los envases de 5 ml a 18 L, su alto nivel de confiabilidad, [M\u00e1s][\/vc_column_text][\/vc_column][vc_column width=&#8221;1\/3&#8243;][vc_single_image image=&#8221;5223&#8243; img_size=&#8221;full&#8221; style=&#8221;vc_box_outline&#8221; onclick=&#8221;custom_link&#8221; link=&#8221;https:\/\/www.megamachinery.com\/portfolio\/mg-d-series-extrusion-blow-moulding-machine-double-station\/&#8221;]<h5 class='heading-left  divider-lg' ><span>M\u00e1quina de Moldeo por Extrusi\u00f3n y Soplado de la Serie MG-D<\/span><\/h5>[vc_column_text]La serie MG-D es una m\u00e1quina de moldeo por extrusi\u00f3n y soplado de doble estaci\u00f3n para los envases de 5 ml a 18 L. Su alto nivel de confiabilidad, [M\u00e1s][\/vc_column_text][\/vc_column][vc_column width=&#8221;1\/3&#8243;][vc_single_image image=&#8221;5226&#8243; img_size=&#8221;full&#8221; style=&#8221;vc_box_outline&#8221; onclick=&#8221;custom_link&#8221; link=&#8221;https:\/\/www.megamachinery.com\/portfolio\/mg-pc25l-extrusion-blow-moulding-machine\/&#8221;]<h5 class='heading-left  divider-lg' ><span>M\u00e1quina de Moldeo por Extrusi\u00f3n y Soplado de la Serie MG-PC25L <\/span><\/h5>[vc_column_text]La m\u00e1quina de moldeo por extrusi\u00f3n y soplado MG-PC25L\u00a0 se dise\u00f1a para producir\u00a0 los bitones de PC de 5 galones, con una inversi\u00f3n de capital relativamente baja, [M\u00e1s ][\/vc_column_text][\/vc_column][\/vc_row][vc_row][vc_column width=&#8221;1\/3&#8243;][vc_single_image image=&#8221;5233&#8243; img_size=&#8221;full&#8221; style=&#8221;vc_box_outline&#8221; onclick=&#8221;custom_link&#8221; link=&#8221;https:\/\/www.megamachinery.com\/portfolio\/mg-sl-series-accumulator-head-extrusion-blow-moulding-machines\/&#8221;]<h5 class='heading-left  divider-lg' ><span>M\u00e1quinas de Moldeo por Extrusi\u00f3n y Soplado de Cabeza de Acumulador<\/span><\/h5>[vc_column_text]Esta serie de m\u00e1quinas de moldeo por extrusi\u00f3n y soplado de cabeza de acumulador se aplica principalmente a la producci\u00f3n de varios barriles de empaque [M\u00e1s][\/vc_column_text][\/vc_column][vc_column width=&#8221;1\/3&#8243;][vc_single_image image=&#8221;5230&#8243; img_size=&#8221;full&#8221; style=&#8221;vc_box_outline&#8221; onclick=&#8221;custom_link&#8221; link=&#8221;https:\/\/www.megamachinery.com\/portfolio\/mg-s250l-extrusion-blow-moulding-machine\/&#8221;]<h5 class='heading-left  divider-lg' ><span>M\u00e1quina de Moldeo por Extrusi\u00f3n y Soplado MG-S250L<\/span><\/h5>[vc_column_text]M\u00e1quina de moldeo por extrusi\u00f3n y soplado con cabezal de paris\u00f3n acumulador que tiene una capacidad de almacenamiento de materiales de hasta 20 KG,[M\u00e1s][\/vc_column_text][\/vc_column][vc_column width=&#8221;1\/3&#8243;][\/vc_column][\/vc_row]<\/p>\n<\/div>","protected":false},"excerpt":{"rendered":"<p>[vc_row][vc_column][ &hellip;<\/p>\n","protected":false},"author":3,"featured_media":0,"parent":1461,"menu_order":0,"comment_status":"closed","ping_status":"closed","template":"","meta":{"nf_dc_page":"","footnotes":""},"class_list":["post-2172","page","type-page","status-publish","hentry"],"jetpack_sharing_enabled":true,"_links":{"self":[{"href":"https:\/\/megamachinery.com\/spanish\/wp-json\/wp\/v2\/pages\/2172","targetHints":{"allow":["GET"]}}],"collection":[{"href":"https:\/\/megamachinery.com\/spanish\/wp-json\/wp\/v2\/pages"}],"about":[{"href":"https:\/\/megamachinery.com\/spanish\/wp-json\/wp\/v2\/types\/page"}],"author":[{"embeddable":true,"href":"https:\/\/megamachinery.com\/spanish\/wp-json\/wp\/v2\/users\/3"}],"replies":[{"embeddable":true,"href":"https:\/\/megamachinery.com\/spanish\/wp-json\/wp\/v2\/comments?post=2172"}],"version-history":[{"count":5,"href":"https:\/\/megamachinery.com\/spanish\/wp-json\/wp\/v2\/pages\/2172\/revisions"}],"predecessor-version":[{"id":5514,"href":"https:\/\/megamachinery.com\/spanish\/wp-json\/wp\/v2\/pages\/2172\/revisions\/5514"}],"up":[{"embeddable":true,"href":"https:\/\/megamachinery.com\/spanish\/wp-json\/wp\/v2\/pages\/1461"}],"wp:attachment":[{"href":"https:\/\/megamachinery.com\/spanish\/wp-json\/wp\/v2\/media?parent=2172"}],"curies":[{"name":"wp","href":"https:\/\/api.w.org\/{rel}","templated":true}]}}