{"id":2170,"date":"2020-07-02T00:00:58","date_gmt":"2020-07-02T00:00:58","guid":{"rendered":"https:\/\/mega1969.com\/?page_id=2170"},"modified":"2022-06-02T07:38:36","modified_gmt":"2022-06-02T07:38:36","slug":"automatic-stretch-blow-molding-machines","status":"publish","type":"page","link":"https:\/\/megamachinery.com\/spanish\/products\/automatic-stretch-blow-molding-machines\/","title":{"rendered":"M\u00e1quinas Autom\u00e1ticas de Moldeo por Estirado &#038;  Soplado"},"content":{"rendered":"<div class=\"wpb-content-wrapper\"><p>[vc_row][vc_column]<h4 class='heading-left  divider-modern'  style='color: #1e73be'><span>M\u00e1quinas Autom\u00e1ticas de Moldeo por Estirado &amp; Soplado <\/span><\/h4>[vc_empty_space][\/vc_column][\/vc_row][vc_row][vc_column][vc_column_text]MEGA Machinery tiene d\u00e9cadas de experiencia en el dise\u00f1o y fabricaci\u00f3n de las m\u00e1quinas de moldeo por estirado&amp; soplado y recalentamiento de dos etapas m\u00e1s completas que satisfacen la amplia gama de necesidades industriales: desde botellas peque\u00f1as de 0,1 litros hasta botellas grandes de 5 galones. El compromiso de nuestro equipo de I + D con la eficiencia abarca el dise\u00f1o de las m\u00e1quinas de moldeo por soplado, por ejemplo, la revolucionaria unidad de recalentamiento de preformas y la estaci\u00f3n de soplado optimizada. Nos enfocamos en la innovaci\u00f3n y la calidad para proporcionar m\u00e1quinas de moldeo por soplado confiables y de alto rendimiento para maximizar el rendimiento de las m\u00e1quinas.[\/vc_column_text][\/vc_column][\/vc_row][vc_row][vc_column width=&#8221;1\/3&#8243;][vc_single_image image=&#8221;5238&#8243; img_size=&#8221;full&#8221; style=&#8221;vc_box_outline&#8221; onclick=&#8221;custom_link&#8221; link=&#8221;https:\/\/www.megamachinery.com\/portfolio\/rotary-blow-moulding-machines\/&#8221;]<h5 class='heading-left  divider-lg' ><span>M\u00e1quina Rotativa de Moldeo por Soplado <\/span><\/h5>[vc_column_text]La serie RB es la \u00faltima m\u00e1quina de moldeo por soplado rotatorio de Mega Machinery. [M\u00e1s][\/vc_column_text][vc_column_text]La serie RB es la \u00faltima Rotary m\u00e1quina de moldeo por soplado\u00a0 de Mega Maquinaria. [M\u00e1s][\/vc_column_text][\/vc_column][vc_column width=&#8221;1\/3&#8243;][vc_single_image image=&#8221;5061&#8243; img_size=&#8221;full&#8221; style=&#8221;vc_box_outline&#8221; onclick=&#8221;custom_link&#8221; link=&#8221;https:\/\/www.megamachinery.com\/portfolio\/electric-stretch-blow-moulding-machines\/&#8221;]<h5 class='heading-left  divider-lg' ><span> M\u00e1quinas El\u00e9ctricas de Estirado&amp; Soplado <\/span><\/h5>[vc_column_text]La serie EB es la \u00faltima m\u00e1quina de moldeo por estirado y soplado de dise\u00f1o lineal despu\u00e9s de a\u00f1os desarrollada &#8230; [M\u00e1s][\/vc_column_text][\/vc_column][vc_column width=&#8221;1\/3&#8243;][vc_single_image image=&#8221;5081&#8243; img_size=&#8221;full&#8221; style=&#8221;vc_box_outline&#8221; onclick=&#8221;custom_link&#8221; link=&#8221;https:\/\/www.megamachinery.com\/portfolio\/economical-blow-moulding-machines\/&#8221;]<h5 class='heading-left  divider-lg' ><span>MG-E M\u00e1quina Econ\u00f3mica de Moldeo por Soplado <\/span><\/h5>[vc_column_text]Despu\u00e9s de a\u00f1os de investigaci\u00f3n y desarrollo, ahora presentamos al mercado la \u00faltima m\u00e1quina de moldeo por estirado y soplado econ\u00f3mica. [M\u00e1s[\/vc_column_text][\/vc_column][\/vc_row][vc_row][vc_column width=&#8221;1\/3&#8243;][vc_single_image image=&#8221;5234&#8243; img_size=&#8221;full&#8221; style=&#8221;vc_box_outline&#8221; onclick=&#8221;custom_link&#8221; link=&#8221;https:\/\/www.megamachinery.com\/portfolio\/ss-series-automatic-blow-molding-machines\/&#8221;]<h5 class='heading-left  divider-lg' ><span>SS Series M\u00e1quinas de Moldeo por Soplado Autom\u00e1ticas<\/span><\/h5>[vc_column_text]Las m\u00e1quinas de moldeo por soplado de PET de la serie MG-SS reducen sus costos de producci\u00f3n para que pueda lograr las m\u00e1ximas ganancias en su competitivo mercado de embotellado, [M\u00e1s][\/vc_column_text][\/vc_column][vc_column width=&#8221;1\/3&#8243;][vc_single_image image=&#8221;5235&#8243; img_size=&#8221;full&#8221; style=&#8221;vc_box_outline&#8221; onclick=&#8221;custom_link&#8221; link=&#8221;https:\/\/www.megamachinery.com\/portfolio\/ss-series-blow-moulding-machine-for-large-bottle\/&#8221;]<h5 class='heading-left  divider-lg' ><span>SS Series M\u00e1quina de Moldeo por Soplado para Botella Grande<\/span><\/h5>[vc_column_text]Las m\u00e1quinas de moldeo por soplado de PET de la serie MG-SS reducen sus costos de producci\u00f3n para que pueda lograr las m\u00e1ximas ganancias en su competitivo mercado de embotellado, [M\u00e1s][\/vc_column_text][\/vc_column][vc_column width=&#8221;1\/3&#8243;][vc_single_image image=&#8221;5236&#8243; img_size=&#8221;full&#8221; style=&#8221;vc_box_outline&#8221; onclick=&#8221;custom_link&#8221; link=&#8221;https:\/\/www.megamachinery.com\/portfolio\/mg-ss2w-blow-moulding-machine-for-pet-can\/&#8221;]<h5 class='heading-left  divider-lg' ><span>MG-SS2W M\u00e1quina de Moldeo por Soplado para las Latas de PET<\/span><\/h5>[vc_column_text]Las latas de PET se est\u00e1n volviendo m\u00e1s populares recientemente, debido a la propiedad del PET, las latas moldeadas por soplado y estirado tienen la ventaja de un menor costo de producci\u00f3n, [M\u00e1s][\/vc_column_text][\/vc_column][\/vc_row][vc_row][vc_column width=&#8221;1\/3&#8243;][vc_single_image image=&#8221;5219&#8243; img_size=&#8221;full&#8221; style=&#8221;vc_box_outline&#8221; onclick=&#8221;custom_link&#8221; link=&#8221;https:\/\/www.megamachinery.com\/portfolio\/5-gallon-pet-blow-moulding-machine-mg-120\/&#8221;]<h5 class='heading-left  divider-lg' ><span>M\u00e1quina de Moldeo por Soplado de PET de 5 galones<\/span><\/h5>[vc_column_text]La m\u00e1quina de moldeo por soplado de PET de 5 galones MG-120 se utiliza para producir las\u00a0 botellas de PET de 5 galones que ahora se demandan extremadamente en el mercado. [M\u00e1s][\/vc_column_text][\/vc_column][vc_column width=&#8221;1\/3&#8243;][vc_single_image image=&#8221;5228&#8243; img_size=&#8221;full&#8221; style=&#8221;vc_box_outline&#8221; onclick=&#8221;custom_link&#8221; link=&#8221;https:\/\/www.megamachinery.com\/portfolio\/mg-pp-sretch-blow-moulding-machine\/&#8221;]<h5 class='heading-left  divider-lg' ><span>MG-PP M\u00e1quinas Moldeo de Soplado &amp; Estirado<\/span><\/h5>[vc_column_text]La m\u00e1quina de moldeo por estirado y soplado MG-PP es\u00a0 especialmente dise\u00f1ada para los\u00a0 envasados de productos l\u00e1cteos y hospitalarios, [M\u00e1s ][\/vc_column_text][\/vc_column][vc_column width=&#8221;1\/3&#8243;][vc_single_image image=&#8221;5225&#8243; img_size=&#8221;full&#8221; style=&#8221;vc_box_outline&#8221; onclick=&#8221;custom_link&#8221; link=&#8221;https:\/\/www.megamachinery.com\/portfolio\/heat-resistance-stretch-blow-molding-machine\/&#8221;]<h5 class='heading-left  divider-lg' ><span>MG-HR Sopladora de PET\u00a0 Resistente al Calor<\/span><\/h5>[vc_column_text]La m\u00e1quina de moldeo por estirado y soplado resistente al calor MG-HR es especialmente dise\u00f1ada para producir las botellas de PET con alta resistencia al calor [M\u00e1s][\/vc_column_text][\/vc_column][\/vc_row][vc_row][vc_column][vc_icon icon_fontawesome=&#8221;fas fa-arrow-circle-up&#8221; color=&#8221;black&#8221; align=&#8221;center&#8221; link=&#8221;url:https%3A%2F%2Fwww.megamachinery.com%2Fproducts%2Fautomatic-stretch-blow-molding-machines%2F&#8221;][\/vc_column][\/vc_row]<\/p>\n<\/div>","protected":false},"excerpt":{"rendered":"<p>[vc_row][vc_column][ &hellip;<\/p>\n","protected":false},"author":3,"featured_media":0,"parent":1461,"menu_order":0,"comment_status":"closed","ping_status":"closed","template":"","meta":{"nf_dc_page":"","footnotes":""},"class_list":["post-2170","page","type-page","status-publish","hentry"],"jetpack_sharing_enabled":true,"_links":{"self":[{"href":"https:\/\/megamachinery.com\/spanish\/wp-json\/wp\/v2\/pages\/2170","targetHints":{"allow":["GET"]}}],"collection":[{"href":"https:\/\/megamachinery.com\/spanish\/wp-json\/wp\/v2\/pages"}],"about":[{"href":"https:\/\/megamachinery.com\/spanish\/wp-json\/wp\/v2\/types\/page"}],"author":[{"embeddable":true,"href":"https:\/\/megamachinery.com\/spanish\/wp-json\/wp\/v2\/users\/3"}],"replies":[{"embeddable":true,"href":"https:\/\/megamachinery.com\/spanish\/wp-json\/wp\/v2\/comments?post=2170"}],"version-history":[{"count":5,"href":"https:\/\/megamachinery.com\/spanish\/wp-json\/wp\/v2\/pages\/2170\/revisions"}],"predecessor-version":[{"id":5512,"href":"https:\/\/megamachinery.com\/spanish\/wp-json\/wp\/v2\/pages\/2170\/revisions\/5512"}],"up":[{"embeddable":true,"href":"https:\/\/megamachinery.com\/spanish\/wp-json\/wp\/v2\/pages\/1461"}],"wp:attachment":[{"href":"https:\/\/megamachinery.com\/spanish\/wp-json\/wp\/v2\/media?parent=2170"}],"curies":[{"name":"wp","href":"https:\/\/api.w.org\/{rel}","templated":true}]}}