{"id":1461,"date":"2016-01-19T15:44:38","date_gmt":"2016-01-19T15:44:38","guid":{"rendered":"http:\/\/anpsthemes.com\/construction\/?page_id=1461"},"modified":"2022-06-02T06:49:02","modified_gmt":"2022-06-02T06:49:02","slug":"products","status":"publish","type":"page","link":"https:\/\/megamachinery.com\/spanish\/products\/","title":{"rendered":"Productos"},"content":{"rendered":"<div class=\"wpb-content-wrapper\"><p>[vc_row full_width=&#8221;stretch_row&#8221; css=&#8221;.vc_custom_1600148935838{margin-bottom: 60px !important;}&#8221;][vc_column width=&#8221;1\/2&#8243;][vc_single_image image=&#8221;4918&#8243; img_size=&#8221;full&#8221; alignment=&#8221;center&#8221; style=&#8221;vc_box_shadow_3d&#8221; onclick=&#8221;custom_link&#8221; css_animation=&#8221;left-to-right&#8221; link=&#8221;\/projects\/automatic-stretch-blow-molding-machines\/&#8221;][vc_row_inner css=&#8221;.vc_custom_1600150405083{padding-top: 50px !important;padding-bottom: 50px !important;}&#8221;][vc_column_inner][vc_icon icon_fontawesome=&#8221;fas fa-arrow-alt-circle-right&#8221; color=&#8221;black&#8221; align=&#8221;center&#8221;][vc_custom_heading text=&#8221;SEMI-AUTOMATICA&#8221; font_container=&#8221;tag:h2|text_align:center&#8221; google_fonts=&#8221;font_family:Open%20Sans%3A300%2C300italic%2Cregular%2Citalic%2C600%2C600italic%2C700%2C700italic%2C800%2C800italic|font_style:600%20bold%20regular%3A600%3Anormal&#8221;][vc_separator color=&#8221;chino&#8221; style=&#8221;shadow&#8221;][vc_column_text]<\/p>\n<h6><span style=\"color: #000000;\">Mega Machinery Mold es el\u00a0<\/span><span style=\"color: #000000;\">profesional\u00a0<\/span><span style=\"color: #000000;\">fabricante y proveedor <\/span>de las m\u00e1quinas de moldeo por soplado semi-autom\u00e1ticas en China. Mega Machinery tiene una rica historia en la fabricaci\u00f3n de las m\u00e1quinas de moldeo por soplado semi-autom\u00e1ticas. [M\u00e1s.]<\/h6>\n<p>[\/vc_column_text][\/vc_column_inner][\/vc_row_inner][\/vc_column][vc_column width=&#8221;1\/2&#8243;][vc_row_inner css=&#8221;.vc_custom_1600150405083{padding-top: 50px !important;padding-bottom: 50px !important;}&#8221;][vc_column_inner][vc_icon icon_fontawesome=&#8221;fas fa-arrow-alt-circle-left&#8221; color=&#8221;black&#8221; align=&#8221;center&#8221;][vc_custom_heading text=&#8221;LA SERIA AUTOMATICA&#8221; font_container=&#8221;tag:h2|text_align:center&#8221; google_fonts=&#8221;font_family:Open%20Sans%3A300%2C300italic%2Cregular%2Citalic%2C600%2C600italic%2C700%2C700italic%2C800%2C800italic|font_style:600%20bold%20regular%3A600%3Anormal&#8221;][vc_separator color=&#8221;chino&#8221; style=&#8221;shadow&#8221;][vc_column_text]<\/p>\n<h6 style=\"text-align: center;\">MEGA Machinery tiene d\u00e9cadas de experiencia en el dise\u00f1o y fabricaci\u00f3n de las m\u00e1quinas de moldeo por estirado y soplado de\u00a0recalentamiento\u00a0\u00a0de dos etapas m\u00e1s completas que satisfacen la amplia gama de necesidades industriales: desde botellas peque\u00f1as de 0,1 litros hasta botellas grandes de 5 galones. [M\u00e1s.]<\/h6>\n<p>[\/vc_column_text][\/vc_column_inner][\/vc_row_inner][vc_single_image image=&#8221;4917&#8243; img_size=&#8221;full&#8221; alignment=&#8221;center&#8221; style=&#8221;vc_box_shadow_3d&#8221; onclick=&#8221;custom_link&#8221; css_animation=&#8221;right-to-left&#8221; link=&#8221;\/projects\/semi-automatic-blow-moulding-machines\/&#8221;][\/vc_column][\/vc_row][vc_row full_width=&#8221;stretch_row&#8221; css=&#8221;.vc_custom_1600154691243{padding-bottom: 50px !important;background-color: #fcfcfc !important;}&#8221;][vc_column width=&#8221;1\/3&#8243;][vc_single_image image=&#8221;4322&#8243; img_size=&#8221;full&#8221; onclick=&#8221;custom_link&#8221; css_animation=&#8221;fadeInLeft&#8221; link=&#8221;\/projects\/extrusion-blow-molding-machines\/&#8221;]<h5 class='heading-middle  divider-lg' ><span>MOLDEO POR EXTRUSI\u00d3N&amp; SOPLADO<\/span><\/h5>[vc_column_text]<\/p>\n<div class=\"wpb_text_column wpb_content_element \">\n<div class=\"wpb_wrapper\">\n<h6 style=\"text-align: center;\"><span style=\"color: #000000;\">MEGA ofrece\u00a0 los envases de embalaje con vol\u00famenes que van desde unos pocos mililitros hasta los 300 litros, envases grandes con capacidades de hasta 1.000 litros.<a href=\"\/projects\/extrusion-blow-molding-machines\/\">[More.]<\/a><\/span><\/h6>\n<\/div>\n<\/div>\n<p>[\/vc_column_text][vc_empty_space height=&#8221;50px&#8221;][vc_single_image image=&#8221;4192&#8243; img_size=&#8221;full&#8221; onclick=&#8221;custom_link&#8221; css_animation=&#8221;fadeInLeft&#8221; link=&#8221;\/projects\/filling-packaging-equipments\/&#8221;]<h5 class='heading-middle  divider-lg' ><span>LLENADO&amp; EMBALAJE<\/span><\/h5>[vc_column_text]<\/p>\n<div class=\"wpb_text_column wpb_content_element \">\n<div class=\"wpb_wrapper\">\n<h6 style=\"text-align: center;\">Junto con la creciente demanda de las\u00a0 botellas de PET en el mercado, los equipos de llenado &amp; empaque relacionados son cada vez m\u00e1s importantes. MEGA como uno de los profesionales de la inyecci\u00f3n &#8230; [M\u00e1s.]<\/h6>\n<\/div>\n<\/div>\n<p>[\/vc_column_text][\/vc_column][vc_column width=&#8221;1\/3&#8243;][vc_single_image image=&#8221;4306&#8243; img_size=&#8221;full&#8221; onclick=&#8221;custom_link&#8221; css_animation=&#8221;fadeInLeft&#8221; link=&#8221;\/projects\/injection-molding-machine\/&#8221;]<h5 class='heading-middle  divider-lg' ><span>MOLDEO POR INYECCI\u00d3N<\/span><\/h5>[vc_column_text]<\/p>\n<div class=\"wpb_text_column wpb_content_element \">\n<h6 class=\"wpb_wrapper\" style=\"text-align: center;\"><span style=\"color: #000000;\">MEGA Machinery ha determinado fuertemente el desarrollo de las M\u00e1quinas de Moldeo por Inyecci\u00f3n, como empresa especializada &#8230; [M\u00e1s.]<\/span><\/h6>\n<\/div>\n<p>[\/vc_column_text][vc_empty_space height=&#8221;50px&#8221;][vc_single_image image=&#8221;4191&#8243; img_size=&#8221;full&#8221; onclick=&#8221;custom_link&#8221; css_animation=&#8221;fadeInLeft&#8221; link=&#8221;\/projects\/equipments-for-caps\/&#8221;]<h5 class='heading-middle  divider-lg' ><span>EQUIPOS PARA TAPAS<\/span><\/h5>[vc_column_text]<\/p>\n<div class=\"wpb_text_column wpb_content_element \">\n<div class=\"wpb_wrapper\">\n<h6 style=\"text-align: center;\"><span style=\"color: #000000;\">Mega es un fabricante <\/span><span style=\"color: #000000;\">y\u00a0<\/span><span style=\"color: #000000;\">proveedor de las\u00a0 m\u00e1quinas de revestimiento de tapas y m\u00e1quinas cortadoras de tapas\u00a0<\/span><span style=\"color: #000000;\">en China<\/span><span style=\"color: #000000;\">. Las m\u00e1quinas de revestimiento se\u00a0 dise\u00f1an especialmente para el cierre de pl\u00e1stico..<\/span><span style=\"color: #000000;\">. [M\u00e1s&#8230;\u00a0\u00a0<\/span><\/h6>\n<\/div>\n<\/div>\n<p>[\/vc_column_text][\/vc_column][vc_column width=&#8221;1\/3&#8243;][vc_single_image image=&#8221;4352&#8243; img_size=&#8221;full&#8221; onclick=&#8221;custom_link&#8221; css_animation=&#8221;fadeInRight&#8221; link=&#8221;https:\/\/www.megamachinery.com\/products\/pet-moulds\/&#8221;]<h5 class='heading-middle  divider-lg' ><span>MOLDES DE PREFORMAS PARA PET <\/span><\/h5>[vc_column_text]<\/p>\n<div class=\"wpb_text_column wpb_content_element \">\n<div class=\"wpb_wrapper\">\n<h6 style=\"text-align: center;\"><span style=\"color: #000000;\">Mega Mega es el\u00a0<\/span><span style=\"color: #000000;\">profesional\u00a0<\/span><span style=\"color: #000000;\">fabricante y proveedor\u00a0 de moldes de preformas de PET en China . Nuestro departamento de moldes de PET. ..[M\u00e1s.]\u00a0<\/span><\/h6>\n<\/div>\n<\/div>\n<p>[\/vc_column_text][vc_empty_space height=&#8221;50px&#8221;][vc_single_image image=&#8221;4201&#8243; img_size=&#8221;full&#8221; onclick=&#8221;custom_link&#8221; css_animation=&#8221;fadeInRight&#8221; link=&#8221;\/projects\/auxiliary-equipments\/&#8221;]<h5 class='heading-middle  divider-lg' ><span> EQUIPOS AUXILIARES <\/span><\/h5>[vc_column_text]<\/p>\n<div class=\"wpb_text_column wpb_content_element \">\n<div class=\"wpb_wrapper\">\n<h6 style=\"text-align: center;\"><span style=\"color: #000000;\">En MEGA Machinery, el sistema de moldeo por soplado, el sistema de moldeo por inyecci\u00f3n y los moldes de inyecci\u00f3n son los productos principales. Para\u00a0 brindar un mejor servicio a nuestro cliente &#8230; [M\u00e1s <a href=\"\/projects\/auxiliary-equipments\/\">]<\/a><\/span><\/h6>\n<\/div>\n<\/div>\n<p>[\/vc_column_text][\/vc_column][\/vc_row][vc_row full_width=&#8221;stretch_row&#8221; css=&#8221;.vc_custom_1608098110730{background-image: url(https:\/\/megamachinery.com\/wp-content\/uploads\/2020\/12\/3d9253907135d4b3ff3a7396e0074e2ae1da683316231-oXtUuz.jpeg?id=3757) !important;}&#8221;][vc_column][vc_column_text]<\/p>\n<p style=\"text-align: center;\"><strong><span style=\"font-size: 36px;\">&#8221; ESTAMOS\u00a0 \u00a0 <\/span><\/strong><\/p>\n<p style=\"text-align: center;\"><strong><span style=\"font-size: 36px;\">\u00a0 \u00a0ESPER\u00c1NDOLE\u00a0<\/span><\/strong><\/p>\n<p style=\"text-align: center;\"><strong><span style=\"font-size: 36px;\"> AQU\u00cd&#8221;<\/span><\/strong><\/p>\n<p>[\/vc_column_text][\/vc_column][\/vc_row][vc_row full_width=&#8221;stretch_row&#8221; el_class=&#8221;no-bottom-padding-row&#8221; css=&#8221;.vc_custom_1600064955994{margin-bottom: 50px !important;background-color: #3498db !important;}&#8221;][vc_column css=&#8221;.vc_custom_1453297356032{padding-top: 0px !important;}&#8221;]<div class=\"download\"><div class='download-content text-uppercase' style='color: #ffffff'>DOWNLOAD A COMPLETE CATALOG OF OUR SERVICES AND PROJECTS SPECIFICATIONS<\/div><a target='_self' href=' DESCARGAR UN CAT\u00c1LOGO COMPLETO DE NUESTROS SERVICIOS Y PROYECTOS ESPECIFICACIONES' class='btn btn-md btn-dark btn-shadow'><i class='fa fas fa-cloud-download-alt'><\/i> Download<\/a><\/div>[\/vc_column][\/vc_row][vc_row][vc_column width=&#8221;1\/3&#8243;][vc_icon icon_fontawesome=&#8221;fab fa-black-tie&#8221; color=&#8221;black&#8221; align=&#8221;center&#8221;]<h5 class='heading-middle  divider-lg'  style='color: #000000'><span>1 TO 1 SUPPORT<\/span><\/h5>[vc_column_text]<\/p>\n<p style=\"text-align: center;\">A trav\u00e9s de la comunicaci\u00f3n uno a uno con cada cliente, nuestro personal de ventas comprende claramente las necesidades de cada cliente y les brinda servicios personalizados especializados de manera espec\u00edfica para maximizar las necesidades de los compradores&#8230;<\/p>\n<p>[\/vc_column_text][\/vc_column][vc_column width=&#8221;1\/3&#8243;][vc_icon icon_fontawesome=&#8221;fas fa-oil-can&#8221; color=&#8221;orange&#8221; align=&#8221;center&#8221;]<h5 class='heading-middle  divider-lg'  style='color: #000000'><span>MANTENIMIENTO F\u00c1CIL<\/span><\/h5>[vc_column_text]<\/p>\n<p style=\"text-align: center;\">Siempre intentamos proporcionar la soluci\u00f3n t\u00e9cnica PET m\u00e1s confiable para cada cliente de todos los rincones del mundo. Despu\u00e9s de comprar nuestros productos, nuestro servicio postventa relativo a componentes, soporte t\u00e9cnico, servicio en el sitio y capacitaci\u00f3n del operador sigue inmediatamente si es necesario.<\/p>\n<p>[\/vc_column_text][\/vc_column][vc_column width=&#8221;1\/3&#8243;][vc_icon icon_fontawesome=&#8221;fas fa-globe&#8221; color=&#8221;custom&#8221; align=&#8221;center&#8221; custom_color=&#8221;#005ac1&#8243;]<h5 class='heading-middle  divider-lg'  style='color: #000000'><span>ENV\u00cdO A CUALQUIER LUGAR<\/span><\/h5>[vc_column_text]<\/p>\n<p style=\"text-align: center;\">Los productos de Mega Machinery se comercializan en m\u00e1s de 100 pa\u00edses en todo el mundo. Contamos con una s\u00f3lida red de servicio postventa, por lo que no importa d\u00f3nde se encuentre ni cu\u00e1l sea el problema, podemos atenderlo a tiempo.<\/p>\n<p>[\/vc_column_text][\/vc_column][\/vc_row]<\/p>\n<\/div>","protected":false},"excerpt":{"rendered":"<p>[vc_row full_width=&#038; &hellip;<\/p>\n","protected":false},"author":4,"featured_media":0,"parent":0,"menu_order":0,"comment_status":"closed","ping_status":"closed","template":"","meta":{"nf_dc_page":"","footnotes":""},"class_list":["post-1461","page","type-page","status-publish","hentry"],"jetpack_sharing_enabled":true,"_links":{"self":[{"href":"https:\/\/megamachinery.com\/spanish\/wp-json\/wp\/v2\/pages\/1461","targetHints":{"allow":["GET"]}}],"collection":[{"href":"https:\/\/megamachinery.com\/spanish\/wp-json\/wp\/v2\/pages"}],"about":[{"href":"https:\/\/megamachinery.com\/spanish\/wp-json\/wp\/v2\/types\/page"}],"author":[{"embeddable":true,"href":"https:\/\/megamachinery.com\/spanish\/wp-json\/wp\/v2\/users\/4"}],"replies":[{"embeddable":true,"href":"https:\/\/megamachinery.com\/spanish\/wp-json\/wp\/v2\/comments?post=1461"}],"version-history":[{"count":4,"href":"https:\/\/megamachinery.com\/spanish\/wp-json\/wp\/v2\/pages\/1461\/revisions"}],"predecessor-version":[{"id":5348,"href":"https:\/\/megamachinery.com\/spanish\/wp-json\/wp\/v2\/pages\/1461\/revisions\/5348"}],"wp:attachment":[{"href":"https:\/\/megamachinery.com\/spanish\/wp-json\/wp\/v2\/media?parent=1461"}],"curies":[{"name":"wp","href":"https:\/\/api.w.org\/{rel}","templated":true}]}}