{"id":1408,"date":"2016-01-19T14:03:09","date_gmt":"2016-01-19T14:03:09","guid":{"rendered":"http:\/\/anpsthemes.com\/construction\/?page_id=1408"},"modified":"2021-04-08T07:45:28","modified_gmt":"2021-04-08T07:45:28","slug":"about-us","status":"publish","type":"page","link":"https:\/\/megamachinery.com\/spanish\/about-us\/","title":{"rendered":"Sobre Mega"},"content":{"rendered":"<div class=\"wpb-content-wrapper\"><p>[vc_row full_width=&#8221;stretch_row&#8221; css=&#8221;.vc_custom_1600757801198{padding-top: 30px !important;padding-bottom: 30px !important;}&#8221;][vc_column][vc_row_inner][vc_column_inner width=&#8221;2\/3&#8243;][vc_empty_space][vc_single_image image=&#8221;5004&#8243; img_size=&#8221;full&#8221; alignment=&#8221;center&#8221;][\/vc_column_inner][vc_column_inner width=&#8221;1\/3&#8243;][vc_custom_heading text=&#8221;MEGA MAQUINARIA&#8221; font_container=&#8221;tag:h1|font_size:50|text_align:left|color:%23000000&#8243; google_fonts=&#8221;font_family:Open%20Sans%3A300%2C300italic%2Cregular%2Citalic%2C600%2C600italic%2C700%2C700italic%2C800%2C800italic|font_style:800%20bold%20regular%3A800%3Anormal&#8221;][vc_column_text]<\/p>\n<blockquote><p><em><span style=\"color: #595959;\"><strong><span style=\"font-size: 32px;\">El\u00a0 \u00a0l\u00edder\u00a0 en\u00a0 \u00a0esta\u00a0<\/span><\/strong><\/span><\/em><br \/>\n<em><span style=\"color: #595959;\"><strong><span style=\"font-size: 32px;\">Industria en China<\/span><\/strong><\/span><\/em><\/p><\/blockquote>\n<p>[\/vc_column_text][vc_column_text]<span style=\"font-size: 14px; color: #000000;\">Nuestro departamento de empaque se enfoca en una amplia gama de sistemas de moldeo de preformas de PET, l\u00edneas de producci\u00f3n de moldeo por cierre, equipos de moldeo por estirado y\u00a0 soplado\u00a0 y m\u00e1quinas de moldeo por extrusi\u00f3n y soplado.<\/span><span style=\"color: #000000;\"><span style=\"font-size: 14px;\">\u00a0<\/span><\/span><\/p>\n<p>El departamento de moldes de inyecci\u00f3n se dedica a varios moldes de pl\u00e1stico, tales como los moldes para autom\u00f3viles, palet, caj\u00f3n. Mega ofrece servicios para la industria mundial del pl\u00e1stico.[\/vc_column_text][\/vc_column_inner][\/vc_row_inner][\/vc_column][\/vc_row][vc_row full_width=&#8221;stretch_row&#8221; css=&#8221;.vc_custom_1600395048312{margin-top: 50px !important;padding-top: 50px !important;padding-bottom: 50px !important;background-color: #efefef !important;}&#8221;][vc_column width=&#8221;1\/2&#8243;]<div class=\"timeline\"><div class=\"timeline-item\"><div class=\"timeline-year\">1969<\/div><div class=\"timeline-content\"><h3 class=\"timeline-title\">Humble beginnings<\/h3><div class=\"timeline-text\">The company has high-precision CNC machine tools and processing centers, advanced equipment and testing instruments, sophisticated technology and a strict and complete quality management system<\/div><\/div><\/div><div class=\"timeline-item\"><div class=\"timeline-year\">1995<\/div><div class=\"timeline-content\"><h3 class=\"timeline-title\">New headquarters<\/h3><div class=\"timeline-text\">gathers professional and technical elites and leading technology teams to make full use of new technologies and new processes , New materials ensure product stability and reliability.<\/div><\/div><\/div><div class=\"timeline-item\"><div class=\"timeline-year\">2020<\/div><div class=\"timeline-content\"><h3 class=\"timeline-title\">World wide coverage<\/h3><div class=\"timeline-text\">Each MEG blow molding machine is manufactured and assembled in accordance with standardization to ensure the unity of parts, the stability of the machine, simple operation and easy maintenance. The production of all machines, molds and parts are strictly controlled in accordance with ISO international quality management system standards to ensure stable and excellent quality.<\/div><\/div><\/div><\/div>[\/vc_column][vc_column width=&#8221;1\/2&#8243;][vc_single_image image=&#8221;5010&#8243; img_size=&#8221;full&#8221;][vc_empty_space][vc_single_image image=&#8221;5011&#8243; img_size=&#8221;full&#8221;][vc_empty_space][\/vc_column][\/vc_row][vc_row css=&#8221;.vc_custom_1600757712496{padding-top: 90px !important;padding-bottom: 90px !important;}&#8221;][vc_column width=&#8221;1\/2&#8243;][vc_single_image image=&#8221;5005&#8243; img_size=&#8221;full&#8221;][\/vc_column][vc_column width=&#8221;1\/2&#8243;]<h1 class='heading-left  divider-modern' ><span>OUR PROJECTS<\/span><\/h1>[vc_empty_space][vc_column_text]The Principal of providing meticulous customize services to every customer by considering all aspects of requirements from product optimization and effectiveness in mould to manufacturing costs.[\/vc_column_text][vc_media_grid element_width=&#8221;6&#8243; grid_id=&#8221;vc_gid:1617867308921-9d704291-029e-3&#8243; include=&#8221;3763,3759&#8243;][\/vc_column][\/vc_row][vc_row full_width=&#8221;stretch_row&#8221; css=&#8221;.vc_custom_1600757297118{background-color: #dddddd !important;}&#8221;][vc_column]<h1 class='heading-left  divider-modern' ><span>OUR CLIENTS<\/span><\/h1>[vc_empty_space]<div class='logos-wrapper style-3'><ul class='clients clients-col-5' ><li class='client'><span><img src='https:\/\/i0.wp.com\/megamachinery.com\/spanish\/wp-content\/uploads\/2021\/04\/03-1.jpg?fit=300%2C225&#038;ssl=1' alt=''><\/span><\/li><li class='client'><span><img src='https:\/\/i0.wp.com\/megamachinery.com\/spanish\/wp-content\/uploads\/2021\/04\/02-1.jpg?fit=300%2C225&#038;ssl=1' alt=''><\/span><\/li><li class='client'><span><img src='https:\/\/i0.wp.com\/megamachinery.com\/spanish\/wp-content\/uploads\/2021\/04\/01-1-1.jpg?fit=300%2C225&#038;ssl=1' alt=''><\/span><\/li><li class='client'><span><img src='https:\/\/i0.wp.com\/megamachinery.com\/spanish\/wp-content\/uploads\/2021\/04\/05-1.jpg?fit=300%2C225&#038;ssl=1' alt=''><\/span><\/li><li class='client'><span><img src='https:\/\/i0.wp.com\/megamachinery.com\/spanish\/wp-content\/uploads\/2021\/04\/04-1.jpg?fit=300%2C225&#038;ssl=1' alt=''><\/span><\/li><\/ul><\/div>[\/vc_column][\/vc_row][vc_row css=&#8221;.vc_custom_1600758553985{padding-top: 70px !important;padding-bottom: 50px !important;}&#8221;][vc_column][vc_row_inner equal_height=&#8221;yes&#8221;][vc_column_inner width=&#8221;1\/3&#8243;][vc_custom_heading text=&#8221;Our Goal&#8221; font_container=&#8221;tag:h3|text_align:center|color:%23000000&#8243; google_fonts=&#8221;font_family:Open%20Sans%3A300%2C300italic%2Cregular%2Citalic%2C600%2C600italic%2C700%2C700italic%2C800%2C800italic|font_style:600%20bold%20regular%3A600%3Anormal&#8221;][vc_column_text]<\/p>\n<h6 style=\"text-align: center;\"><span style=\"color: #000000;\">Help our customers improve their production efficiency and profitability. The purpose of our products, expertise and high-quality services is to maximize our customers in terms of performance, quality, safety, flexibility and overall economy.<\/span><\/h6>\n<p>[\/vc_column_text][\/vc_column_inner][vc_column_inner width=&#8221;1\/3&#8243;][vc_custom_heading text=&#8221;Our Team&#8221; font_container=&#8221;tag:h3|text_align:center|color:%23000000&#8243; google_fonts=&#8221;font_family:Open%20Sans%3A300%2C300italic%2Cregular%2Citalic%2C600%2C600italic%2C700%2C700italic%2C800%2C800italic|font_style:600%20bold%20regular%3A600%3Anormal&#8221;][vc_column_text]<\/p>\n<h6 style=\"text-align: center;\"><span style=\"color: #000000;\">After decades\u2019 exertion and development, Mega has established a team of experienced designer and workers, a group of educated executive personnel. All of those factors permit our customer sound price and the most reliable service.<\/span><\/h6>\n<p>[\/vc_column_text][\/vc_column_inner][vc_column_inner width=&#8221;1\/3&#8243;][vc_custom_heading text=&#8221;Our Service&#8221; font_container=&#8221;tag:h3|text_align:center|color:%23000000&#8243; google_fonts=&#8221;font_family:Open%20Sans%3A300%2C300italic%2Cregular%2Citalic%2C600%2C600italic%2C700%2C700italic%2C800%2C800italic|font_style:600%20bold%20regular%3A600%3Anormal&#8221;][vc_column_text]<\/p>\n<h6 style=\"text-align: center;\"><span style=\"color: #000000;\">Mega&#8217; products contain the service notion at the beginning of design and sale is only a beginning of servicing customers.Mega takes users as a center and strengthens every service items to fully carry out &#8220;customer satisfaction engineering&#8221;and make every customer perfect satisfaction.<\/span><\/h6>\n<p>[\/vc_column_text][\/vc_column_inner][\/vc_row_inner][\/vc_column][\/vc_row][vc_row][vc_column]<div class=\"contact-cards\"><div class=\"row\"><div class='col-md-4'><div class=\"card\" style=\"background-color:#215070; color:#3498db\"><span class='icon'><i class='fas fa-map' style='color: #fff'><\/i><\/span><div class=\"content-wrap\"><span class='item-title' style='color:#a3baca;'>LOCATION<\/span><div class='text font1' style='color:#fff' >47-8 HuangZhou Road, Huangyan, Zhejiang Province, China<\/div><\/div><\/div><\/div><div class='col-md-4'><div class=\"card\" style=\"background-color:#215070; color:#3498db\"><span class='icon'><i class='fas fa-envelope' style='color: #fff'><\/i><\/span><div class=\"content-wrap\"><span class='item-title' style='color:#a3baca;'>EMAIL<\/span><div class='text font1' style='color:#fff' >hymega@gmail.com<\/div><\/div><\/div><\/div><div class='col-md-4'><div class=\"card\" style=\"background-color:#215070; color:#3498db\"><span class='icon'><i class='fas fa-phone-alt' style='color: #fff'><\/i><\/span><div class=\"content-wrap\"><span class='item-title' style='color:#a3baca;'>PHONE<\/span><div class='text font1' style='color:#fff' >+0086-576-84020122<\/div><\/div><\/div><\/div><\/div><\/div>[\/vc_column][\/vc_row][vc_row][vc_column][vc_icon icon_fontawesome=&#8221;fas fa-arrow-alt-circle-up&#8221; color=&#8221;black&#8221; align=&#8221;center&#8221; link=&#8221;url:https%3A%2F%2Fwww.megamachinery.com%2Fabout-us-2%2F&#8221;][\/vc_column][\/vc_row]<\/p>\n<\/div>","protected":false},"excerpt":{"rendered":"<p>[vc_row full_width=&#038; &hellip;<\/p>\n","protected":false},"author":4,"featured_media":0,"parent":0,"menu_order":0,"comment_status":"closed","ping_status":"closed","template":"","meta":{"nf_dc_page":"","footnotes":""},"class_list":["post-1408","page","type-page","status-publish","hentry"],"jetpack_sharing_enabled":true,"_links":{"self":[{"href":"https:\/\/megamachinery.com\/spanish\/wp-json\/wp\/v2\/pages\/1408","targetHints":{"allow":["GET"]}}],"collection":[{"href":"https:\/\/megamachinery.com\/spanish\/wp-json\/wp\/v2\/pages"}],"about":[{"href":"https:\/\/megamachinery.com\/spanish\/wp-json\/wp\/v2\/types\/page"}],"author":[{"embeddable":true,"href":"https:\/\/megamachinery.com\/spanish\/wp-json\/wp\/v2\/users\/4"}],"replies":[{"embeddable":true,"href":"https:\/\/megamachinery.com\/spanish\/wp-json\/wp\/v2\/comments?post=1408"}],"version-history":[{"count":3,"href":"https:\/\/megamachinery.com\/spanish\/wp-json\/wp\/v2\/pages\/1408\/revisions"}],"predecessor-version":[{"id":5333,"href":"https:\/\/megamachinery.com\/spanish\/wp-json\/wp\/v2\/pages\/1408\/revisions\/5333"}],"wp:attachment":[{"href":"https:\/\/megamachinery.com\/spanish\/wp-json\/wp\/v2\/media?parent=1408"}],"curies":[{"name":"wp","href":"https:\/\/api.w.org\/{rel}","templated":true}]}}